{"id":847,"date":"2018-09-09T19:53:25","date_gmt":"2018-09-09T19:53:25","guid":{"rendered":"http:\/\/vamcoacademy.wdqs0w3gmp-yk26eo0v479j.p.runcloud.link\/programas-y-oportunidades-2\/dual-diploma\/"},"modified":"2018-09-19T03:03:17","modified_gmt":"2018-09-19T03:03:17","slug":"dual-diploma-republica-dominicana","status":"publish","type":"page","link":"https:\/\/vamcoacademy.com\/es\/programs\/dual-diploma-republica-dominicana\/","title":{"rendered":"Dual Diploma"},"content":{"rendered":"<p>[et_pb_section fb_built=\u00bb1&#8243; next_background_color=\u00bb#ffffff\u00bb admin_label=\u00bbHeader\u00bb _builder_version=\u00bb3.14&#8243; background_color=\u00bb#ffffff\u00bb use_background_color_gradient=\u00bbon\u00bb background_color_gradient_start=\u00bb#064f9e\u00bb background_color_gradient_end=\u00bb#004677&#8243; background_color_gradient_direction=\u00bb135deg\u00bb background_image=\u00bbhttp:\/\/vamcoacademy.com\/content\/uploads\/2018\/09\/geometric-bg-overlay-01.jpg\u00bb background_blend=\u00bboverlay\u00bb custom_padding=\u00bb5%|0px|5%|0px|false|false\u00bb bottom_divider_style=\u00bbarrow3&#8243; animation_direction=\u00bbbottom\u00bb][et_pb_row _builder_version=\u00bb3.0.83&#8243;][et_pb_column type=\u00bb4_4&#8243; _builder_version=\u00bb3.0.47&#8243; parallax=\u00bboff\u00bb parallax_method=\u00bbon\u00bb][et_pb_text _builder_version=\u00bb3.14&#8243; text_font=\u00bb||||||||\u00bb text_text_color=\u00bb#ffffff\u00bb text_font_size=\u00bb18px\u00bb text_line_height=\u00bb1.8em\u00bb header_font=\u00bbNunito Sans|700|||||||\u00bb header_font_size=\u00bb45px\u00bb header_line_height=\u00bb1.3em\u00bb header_2_font=\u00bb||||||||\u00bb text_orientation=\u00bbcenter\u00bb background_layout=\u00bbdark\u00bb max_width=\u00bb700px\u00bb module_alignment=\u00bbcenter\u00bb]<\/p>\n<h1>Dual Diploma Virtual<\/h1>\n<p>[\/et_pb_text][\/et_pb_column][\/et_pb_row][\/et_pb_section][et_pb_section fb_built=\u00bb1&#8243; _builder_version=\u00bb3.14&#8243; custom_padding=\u00bb50px|0px|54px|0px|false|false\u00bb][et_pb_row _builder_version=\u00bb3.14&#8243;][et_pb_column type=\u00bb4_4&#8243; _builder_version=\u00bb3.0.47&#8243; parallax=\u00bboff\u00bb parallax_method=\u00bbon\u00bb][et_pb_text _builder_version=\u00bb3.14&#8243; text_font=\u00bb||||||||\u00bb header_font=\u00bb||||||||\u00bb header_text_align=\u00bbcenter\u00bb header_2_font=\u00bb|600|||||||\u00bb header_2_text_color=\u00bb#004677&#8243; header_2_font_size=\u00bb32px\u00bb text_orientation=\u00bbcenter\u00bb module_alignment=\u00bbcenter\u00bb]<\/p>\n<h2>Obtenga Un Diploma 100% Acreditado Junto A Su Estudios Actual<\/h2>\n<p>[\/et_pb_text][\/et_pb_column][\/et_pb_row][et_pb_row background_color=\u00bb#004e87&#8243; use_custom_gutter=\u00bbon\u00bb gutter_width=\u00bb0&#8243; _builder_version=\u00bb3.14&#8243; bg_img_1=\u00bbhttp:\/\/vamcoacademy.com\/content\/uploads\/2018\/09\/online_learning_2.jpg\u00bb custom_padding=\u00bb0px|0px|0px|0px\u00bb custom_margin=\u00bb0px|||\u00bb padding_right_1=\u00bb15px\u00bb padding_left_1=\u00bb15px\u00bb padding_right_2=\u00bb15px\u00bb padding_left_2=\u00bb15px\u00bb bg_img_2=\u00bbhttp:\/\/vamcoacademy.com\/content\/uploads\/2018\/09\/online_learning_3.jpg\u00bb][et_pb_column type=\u00bb1_2&#8243; _builder_version=\u00bb3.14&#8243; padding_left=\u00bb15px\u00bb padding_right=\u00bb15px\u00bb bg_img=\u00bbhttp:\/\/vamcoacademy.com\/content\/uploads\/2018\/09\/online_learning_2.jpg\u00bb parallax=\u00bboff\u00bb parallax_method=\u00bbon\u00bb][et_pb_text header_3_font_size=\u00bb28px\u00bb header_3_text_shadow_style=\u00bbpreset3&#8243; header_3_text_shadow_color=\u00bb#000000&#8243; _builder_version=\u00bb3.14&#8243; text_font=\u00bb||||||||\u00bb text_text_color=\u00bb#ffffff\u00bb custom_padding=\u00bb70px|15px|70px|15px|true|true\u00bb header_font=\u00bb||||||||\u00bb header_3_font=\u00bb|700|||||||\u00bb header_3_text_color=\u00bb#ffffff\u00bb header_3_text_align=\u00bbleft\u00bb custom_margin=\u00bb100px|||\u00bb]<\/p>\n<h3> Aprender en la Escuela<\/h3>\n<p>[\/et_pb_text][\/et_pb_column][et_pb_column type=\u00bb1_2&#8243; _builder_version=\u00bb3.14&#8243; padding_left=\u00bb15px\u00bb padding_right=\u00bb15px\u00bb bg_img=\u00bbhttp:\/\/vamcoacademy.com\/content\/uploads\/2018\/09\/online_learning_3.jpg\u00bb parallax=\u00bboff\u00bb parallax_method=\u00bbon\u00bb][et_pb_text header_3_font_size=\u00bb28px\u00bb header_3_text_shadow_style=\u00bbpreset3&#8243; header_3_text_shadow_color=\u00bb#000000&#8243; _builder_version=\u00bb3.14&#8243; text_font=\u00bb||||||||\u00bb text_text_color=\u00bb#ffffff\u00bb custom_padding=\u00bb70px|15px|70px|15px|true|true\u00bb header_font=\u00bb||||||||\u00bb header_3_font=\u00bb|700|||||||\u00bb header_3_text_color=\u00bb#ffffff\u00bb header_3_text_align=\u00bbleft\u00bb custom_margin=\u00bb100px|||\u00bb]<\/p>\n<h3>Aprender en Casa<\/h3>\n<p>[\/et_pb_text][\/et_pb_column][\/et_pb_row][et_pb_row _builder_version=\u00bb3.14&#8243; custom_padding=\u00bb50px|0px|27px|0px|false|false\u00bb][et_pb_column type=\u00bb1_2&#8243; _builder_version=\u00bb3.0.47&#8243; parallax=\u00bboff\u00bb parallax_method=\u00bbon\u00bb][et_pb_text _builder_version=\u00bb3.14&#8243; text_font=\u00bb||||||||\u00bb text_text_color=\u00bb#595959&#8243; text_font_size=\u00bb18px\u00bb text_line_height=\u00bb1.8em\u00bb header_font=\u00bb||||||||\u00bb header_text_align=\u00bbleft\u00bb header_2_font=\u00bb|600|||||||\u00bb header_2_text_color=\u00bb#004677&#8243; header_2_font_size=\u00bb32px\u00bb header_2_letter_spacing=\u00bb1px\u00bb header_2_line_height=\u00bb1.3em\u00bb max_width=\u00bb700px\u00bb module_alignment=\u00bbcenter\u00bb custom_margin=\u00bb20px||20px||true\u00bb]<\/p>\n<p><span>Nuestro innovador programa de Diploma Dual permite que los estudiantes adquieran un Diploma de escuela secundaria en los Estados Unidos totalmente acreditado mientras que al mismo tiempo persiguen sus estudios tradicionales en la <strong>Rep\u00fablica Dominicana<\/strong>.<\/span><\/p>\n<p>Despu\u00e9s de realizar un an\u00e1lisis del programa curricular inicial tomado por los alumnos, se le acreditan las que cumplan con los requisitos para el diploma.  Luego, uno de nuestros consejeros establece junto al alumno un plan de graduaci\u00f3n.<\/p>\n<p>Para obtener m\u00e1s informaci\u00f3n sobre Vamco Academy y las oportunidades de aprendizaje virtual disponibles para usted, <a href=\"http:\/\/vamcoacademy.com\/es\/contactenos\/\">p\u00f3ngase en contacto con nosotros<\/a>.<\/p>\n<p>[\/et_pb_text][\/et_pb_column][et_pb_column type=\u00bb1_2&#8243; _builder_version=\u00bb3.0.47&#8243; parallax=\u00bboff\u00bb parallax_method=\u00bbon\u00bb][et_pb_text _builder_version=\u00bb3.14&#8243; text_font=\u00bb|300|||||||\u00bb text_font_size=\u00bb16px\u00bb header_font=\u00bb||||||||\u00bb header_4_font=\u00bb||||||||\u00bb header_4_text_color=\u00bb#004677&#8243; header_4_font_size=\u00bb24px\u00bb header_4_line_height=\u00bb2em\u00bb custom_margin=\u00bb50px|||\u00bb custom_padding=\u00bb|||\u00bb]<\/p>\n<h4 style=\"text-align: center;\">Beneficios de Diploma<\/h4>\n<ul>\n<li>Ofrece nuevas puertas obteniendo un segundo Diploma<\/li>\n<li>Realice cursos online junto con la carga de trabajo acad\u00e9mico del aula<\/li>\n<li>La escuela online le proporciona los materiales requeridos del curso<\/li>\n<li>Obtenga un Diploma de preparatoria o high school totalmente acreditado<\/li>\n<li>Recibir orientaci\u00f3n sobre qu\u00e9 curso inscribirse durante el siguiente semestre<\/li>\n<li>Aprenda de profesores dedicados y certificados<\/li>\n<li>Tiene la posibilidad de obtener seis horas de cr\u00e9dito por a\u00f1o escolar<\/li>\n<li>La inscripci\u00f3n abierta permite el registro en cualquier momento<\/li>\n<\/ul>\n<p>[\/et_pb_text][\/et_pb_column][\/et_pb_row][\/et_pb_section][et_pb_section fb_built=\u00bb1&#8243; _builder_version=\u00bb3.14&#8243; background_color=\u00bb#004677&#8243; use_background_color_gradient=\u00bbon\u00bb background_color_gradient_start=\u00bbrgba(0,70,119,0.5)\u00bb background_color_gradient_end=\u00bbrgba(6,79,158,0.75)\u00bb background_color_gradient_overlays_image=\u00bbon\u00bb background_image=\u00bbhttp:\/\/vamcoacademy.com\/content\/uploads\/2018\/09\/online_learning_together.jpg\u00bb][et_pb_row _builder_version=\u00bb3.14&#8243;][et_pb_column type=\u00bb1_2&#8243; _builder_version=\u00bb3.0.47&#8243; parallax=\u00bboff\u00bb parallax_method=\u00bbon\u00bb][et_pb_text ul_position=\u00bbinside\u00bb _builder_version=\u00bb3.14&#8243; text_font=\u00bb||||||||\u00bb ul_font=\u00bb||||||||\u00bb ol_font=\u00bb||||||||\u00bb header_font=\u00bb||||||||\u00bb header_text_align=\u00bbleft\u00bb header_4_font=\u00bb|600|||||||\u00bb header_4_text_color=\u00bb#004677&#8243; header_4_font_size=\u00bb22px\u00bb header_4_line_height=\u00bb2.4em\u00bb background_color=\u00bb#ffffff\u00bb box_shadow_style=\u00bbpreset1&#8243; custom_margin=\u00bb40px||0px|\u00bb custom_padding=\u00bb20px|35px|40px|35px|false|true\u00bb]<\/p>\n<h4 style=\"text-align: center;\">Precio e Inscripci\u00f3n<\/h4>\n<p>Todos los estudiantes que se inscriban en nuestro programa para obtener un diploma de preparatoria o high school estadounidense online recibir\u00e1n orientaci\u00f3n de sus maestros y personal de apoyo.  La tarifa de aplicaci\u00f3n inicial es de <strong>un solo pago $ 300.00, no reembolsable<\/strong>.  Esta es una cuota de membres\u00eda que permite al alumno a recibir un n\u00famero de identificaci\u00f3n para inscribirse en sus clases.<\/p>\n<p>Cada clase tiene un <strong>costo semestral de $ 885.00<\/strong>. Un semestre es equivalente a la mitad de un cr\u00e9dito, un cr\u00e9dito completo de la escuela secundaria consta de dos semestres.<\/p>\n<p>[\/et_pb_text][\/et_pb_column][et_pb_column type=\u00bb1_2&#8243; _builder_version=\u00bb3.0.47&#8243; parallax=\u00bboff\u00bb parallax_method=\u00bbon\u00bb][\/et_pb_column][\/et_pb_row][\/et_pb_section][et_pb_section fb_built=\u00bb1&#8243; _builder_version=\u00bb3.14&#8243; background_color=\u00bb#e9f3f6&#8243; custom_margin=\u00bb|||\u00bb][et_pb_row custom_padding=\u00bb30px|40px|15px|40px|false|false\u00bb custom_margin=\u00bb|||\u00bb admin_label=\u00bbCTA Row\u00bb _builder_version=\u00bb3.14&#8243; use_background_color_gradient=\u00bbon\u00bb background_color_gradient_start=\u00bb#004677&#8243; background_color_gradient_end=\u00bb#064f9e\u00bb background_color_gradient_direction=\u00bb243deg\u00bb border_radii=\u00bbon|4px|4px|4px|4px\u00bb animation_style=\u00bbzoom\u00bb][et_pb_column type=\u00bb2_3&#8243; _builder_version=\u00bb3.0.47&#8243; parallax=\u00bboff\u00bb parallax_method=\u00bbon\u00bb][et_pb_text _builder_version=\u00bb3.14&#8243; text_font=\u00bbNunito Sans||||||||\u00bb text_text_color=\u00bb#ffffff\u00bb text_font_size=\u00bb15px\u00bb header_font=\u00bb||||||||\u00bb header_text_align=\u00bbleft\u00bb header_text_color=\u00bb#ffffff\u00bb header_line_height=\u00bb1.4em\u00bb header_2_font=\u00bb|300|||||||\u00bb header_2_text_align=\u00bbleft\u00bb header_2_text_color=\u00bb#ffffff\u00bb header_2_font_size=\u00bb30px\u00bb header_2_line_height=\u00bb1.4em\u00bb header_3_font=\u00bb||||||||\u00bb header_4_font=\u00bb||||||||\u00bb header_5_font=\u00bb||||||||\u00bb header_6_font=\u00bb||||||||\u00bb custom_margin=\u00bb||| \u00ab]<\/p>\n<h2>\u00bfListo para comenzar?<\/ h2><br \/>\n[\/et_pb_text][\/et_pb_column][et_pb_column type=\u00bb1_3&#8243; _builder_version=\u00bb3.0.47&#8243; parallax=\u00bboff\u00bb parallax_method=\u00bbon\u00bb][et_pb_button button_url=\u00bbhttp:\/\/vamcoacademy.com\/es\/inscripcion\/\u00bb button_text=\u00bbINSCR\u00cdBASE AHORA\u00bb button_alignment=\u00bbcenter\u00bb _builder_version=\u00bb3.14&#8243; custom_button=\u00bbon\u00bb button_text_size=\u00bb14px\u00bb button_text_color=\u00bb#ffffff\u00bb button_bg_color=\u00bb#35aa17&#8243; button_bg_use_color_gradient=\u00bbon\u00bb button_bg_color_gradient_start=\u00bb#35aa17&#8243; button_bg_color_gradient_end=\u00bb#05630f\u00bb button_border_width=\u00bb0px\u00bb button_letter_spacing=\u00bb2px\u00bb button_font=\u00bb|700|||||||\u00bb button_use_icon=\u00bboff\u00bb button_bg_color_hover=\u00bb#05630f\u00bb button_letter_spacing_hover=\u00bb1px\u00bb box_shadow_style=\u00bbpreset3&#8243; background_layout=\u00bbdark\u00bb custom_margin=\u00bb|||\u00bb custom_padding=\u00bb10px|15px|10px|15px\u00bb][\/et_pb_button][\/et_pb_column][\/et_pb_row][\/et_pb_section]<\/p>\n","protected":false},"excerpt":{"rendered":"<p>Dual Diploma Virtual Obtenga Un Diploma 100% Acreditado Junto A Su Estudios Actual Aprender en la EscuelaAprender en CasaNuestro innovador programa de Diploma Dual permite que los estudiantes adquieran un Diploma de escuela secundaria en los Estados Unidos totalmente acreditado mientras que al mismo tiempo persiguen sus estudios tradicionales en la Rep\u00fablica Dominicana. Despu\u00e9s de [&hellip;]<\/p>\n","protected":false},"author":1,"featured_media":0,"parent":819,"menu_order":3,"comment_status":"closed","ping_status":"closed","template":"","meta":{"_et_pb_use_builder":"on","_et_pb_old_content":"","_et_gb_content_width":"","inline_featured_image":false,"footnotes":""},"class_list":["post-847","page","type-page","status-publish","hentry"],"_links":{"self":[{"href":"https:\/\/vamcoacademy.com\/es\/wp-json\/wp\/v2\/pages\/847","targetHints":{"allow":["GET"]}}],"collection":[{"href":"https:\/\/vamcoacademy.com\/es\/wp-json\/wp\/v2\/pages"}],"about":[{"href":"https:\/\/vamcoacademy.com\/es\/wp-json\/wp\/v2\/types\/page"}],"author":[{"embeddable":true,"href":"https:\/\/vamcoacademy.com\/es\/wp-json\/wp\/v2\/users\/1"}],"replies":[{"embeddable":true,"href":"https:\/\/vamcoacademy.com\/es\/wp-json\/wp\/v2\/comments?post=847"}],"version-history":[{"count":1,"href":"https:\/\/vamcoacademy.com\/es\/wp-json\/wp\/v2\/pages\/847\/revisions"}],"predecessor-version":[{"id":848,"href":"https:\/\/vamcoacademy.com\/es\/wp-json\/wp\/v2\/pages\/847\/revisions\/848"}],"up":[{"embeddable":true,"href":"https:\/\/vamcoacademy.com\/es\/wp-json\/wp\/v2\/pages\/819"}],"wp:attachment":[{"href":"https:\/\/vamcoacademy.com\/es\/wp-json\/wp\/v2\/media?parent=847"}],"curies":[{"name":"wp","href":"https:\/\/api.w.org\/{rel}","templated":true}]}}