{"id":285,"date":"2017-10-28T23:32:47","date_gmt":"2017-10-28T23:32:47","guid":{"rendered":"http:\/\/dev.vamcoacademy.com\/contactenos\/"},"modified":"2020-08-28T19:58:34","modified_gmt":"2020-08-28T19:58:34","slug":"contact","status":"publish","type":"page","link":"https:\/\/vamcoacademy.com\/es\/contact\/","title":{"rendered":"Cont\u00e1ctenos"},"content":{"rendered":"<p>[et_pb_section fb_built=\u00bb1&#8243; custom_padding_last_edited=\u00bbon|phone\u00bb admin_label=\u00bbHeader\u00bb _builder_version=\u00bb4.5.3&#8243; use_background_color_gradient=\u00bbon\u00bb background_color_gradient_start=\u00bbrgba(0,70,119,0.2)\u00bb background_color_gradient_end=\u00bbrgba(255,255,255,0.98)\u00bb background_color_gradient_overlays_image=\u00bbon\u00bb background_image=\u00bbhttp:\/\/vamcoacademy.com\/wp-content\/uploads\/2017\/10\/slider_bg.png\u00bb background_position=\u00bbbottom_center\u00bb custom_padding=\u00bb110px||110px||true|false\u00bb custom_padding_tablet=\u00bb140px|0px|50px|0px|false|false\u00bb custom_padding_phone=\u00bb120px|||\u00bb][et_pb_row _builder_version=\u00bb3.25&#8243; background_size=\u00bbinitial\u00bb background_position=\u00bbtop_left\u00bb background_repeat=\u00bbrepeat\u00bb max_width=\u00bb1280px\u00bb use_custom_width=\u00bbon\u00bb custom_width_px=\u00bb1280px\u00bb][et_pb_column type=\u00bb4_4&#8243; _builder_version=\u00bb3.25&#8243; custom_padding=\u00bb|||\u00bb custom_padding__hover=\u00bb|||\u00bb][et_pb_text _builder_version=\u00bb4.5.3&#8243; text_font=\u00bb||||||||\u00bb text_font_size=\u00bb18px\u00bb text_line_height=\u00bb2em\u00bb header_font=\u00bbEB Garamond||||||||\u00bb header_text_color=\u00bb#004677&#8243; header_font_size=\u00bb60px\u00bb header_line_height=\u00bb1.3em\u00bb text_orientation=\u00bbcenter\u00bb max_width=\u00bb600px\u00bb module_alignment=\u00bbcenter\u00bb text_font_size_tablet=\u00bb\u00bb text_font_size_phone=\u00bb15px\u00bb text_font_size_last_edited=\u00bbon|phone\u00bb text_line_height_tablet=\u00bb\u00bb text_line_height_phone=\u00bb1.6em\u00bb text_line_height_last_edited=\u00bbon|phone\u00bb header_font_size_tablet=\u00bb50px\u00bb header_font_size_phone=\u00bb32px\u00bb header_font_size_last_edited=\u00bbon|phone\u00bb]<\/p>\n<h1>Mant\u00e9ngase En Contacto<\/h1>\n<p> Comun\u00edquese con nosotros por tel\u00e9fono, correo electr\u00f3nico, el formulario en esta p\u00e1gina <br \/> o <span> <\/span> <strong> con\u00e9ctese con nosotros <\/strong> <span> <\/span> en las redes sociales de la web ! <\/p>\n<p>[\/et_pb_text][et_pb_social_media_follow _builder_version=\u00bb4.5.3&#8243; _module_preset=\u00bbdefault\u00bb hover_enabled=\u00bb0&#8243; text_orientation=\u00bbcenter\u00bb][et_pb_social_media_follow_network social_network=\u00bbfacebook\u00bb background_color=\u00bb#3b5998&#8243; _builder_version=\u00bb4.5.3&#8243; _module_preset=\u00bbdefault\u00bb follow_button=\u00bboff\u00bb url_new_window=\u00bbon\u00bb url=\u00bbhttps:\/\/www.facebook.com\/vamcoacademy\u00bb hover_enabled=\u00bb0&#8243;]facebook[\/et_pb_social_media_follow_network][et_pb_social_media_follow_network social_network=\u00bbinstagram\u00bb background_color=\u00bb#ea2c59&#8243; _builder_version=\u00bb4.5.3&#8243; _module_preset=\u00bbdefault\u00bb follow_button=\u00bboff\u00bb url_new_window=\u00bbon\u00bb url=\u00bbhttps:\/\/instagram.com\/vamcoacademy\u00bb hover_enabled=\u00bb0&#8243;]instagram[\/et_pb_social_media_follow_network][et_pb_social_media_follow_network social_network=\u00bbtwitter\u00bb background_color=\u00bb#00aced\u00bb _builder_version=\u00bb4.5.3&#8243; _module_preset=\u00bbdefault\u00bb follow_button=\u00bboff\u00bb url_new_window=\u00bbon\u00bb url=\u00bbhttps:\/\/twitter.com\/vamcoacademy\u00bb hover_enabled=\u00bb0&#8243;]twitter[\/et_pb_social_media_follow_network][\/et_pb_social_media_follow][\/et_pb_column][\/et_pb_row][\/et_pb_section][et_pb_section fb_built=\u00bb1&#8243; admin_label=\u00bbContact Info\u00bb _builder_version=\u00bb3.22&#8243; custom_padding=\u00bb54px|0|80px|0px|false|false\u00bb][et_pb_row column_structure=\u00bb2_3,1_3&#8243; make_equal=\u00bbon\u00bb custom_padding_last_edited=\u00bboff|desktop\u00bb padding_top_bottom_link_1=\u00bbtrue\u00bb padding_top_bottom_link_2=\u00bbtrue\u00bb padding_left_right_link_1=\u00bbfalse\u00bb padding_left_right_link_2=\u00bbtrue\u00bb _builder_version=\u00bb4.5.3&#8243; background_color=\u00bb#ffffff\u00bb max_width=\u00bb1280px\u00bb custom_padding=\u00bb0px||0px||true\u00bb custom_padding_phone=\u00bb|20px||20px||true\u00bb animation_style=\u00bbzoom\u00bb animation_intensity_zoom=\u00bb2%\u00bb border_radii=\u00bbon|12px|12px|12px|12px\u00bb box_shadow_style=\u00bbpreset1&#8243; box_shadow_vertical=\u00bb50px\u00bb box_shadow_blur=\u00bb80px\u00bb box_shadow_color=\u00bbrgba(15,19,25,0.1)\u00bb use_custom_width=\u00bbon\u00bb custom_width_px=\u00bb1280px\u00bb][et_pb_column type=\u00bb2_3&#8243; _builder_version=\u00bb3.25&#8243; custom_padding=\u00bb60px||60px|40px\u00bb custom_padding_tablet=\u00bb|40px||\u00bb custom_padding_phone=\u00bb40px|20px|40px|20px|true|true\u00bb custom_padding_last_edited=\u00bbon|tablet\u00bb padding_phone=\u00bb40px|20px|40px|20px|true|true\u00bb padding_tablet=\u00bb|40px||\u00bb padding_last_edited=\u00bbon|tablet\u00bb custom_padding__hover=\u00bb|||\u00bb][et_pb_text _builder_version=\u00bb4.5.3&#8243; text_font=\u00bb||||||||\u00bb text_font_size=\u00bb16px\u00bb text_line_height=\u00bb2em\u00bb ul_font=\u00bb||||||||\u00bb ol_font=\u00bb||||||||\u00bb header_font=\u00bb||||||||\u00bb header_2_font=\u00bbEB Garamond||||||||\u00bb header_2_text_color=\u00bb#004677&#8243; header_2_font_size=\u00bb50px\u00bb header_2_line_height=\u00bb1.3em\u00bb header_3_font=\u00bb||||||||\u00bb header_4_font=\u00bb|700||on|||||\u00bb header_4_text_color=\u00bb#e02b20&#8243; header_4_font_size=\u00bb12px\u00bb header_4_letter_spacing=\u00bb2px\u00bb header_4_line_height=\u00bb2em\u00bb header_5_font=\u00bb||||||||\u00bb header_6_font=\u00bb||||||||\u00bb header_2_font_size_tablet=\u00bb40px\u00bb header_2_font_size_phone=\u00bb30px\u00bb header_2_font_size_last_edited=\u00bbon|phone\u00bb locked=\u00bboff\u00bb]<\/p>\n<h3>Enviar un Mensaje<\/h3>\n<p>[\/et_pb_text][et_pb_dcgd_gravity_divi_module gf_form=\u00bb3&#8243; show_title=\u00bboff\u00bb show_description=\u00bboff\u00bb _builder_version=\u00bb3.14&#8243; fontstitle_font_size_tablet=\u00bb51&#8243; fontstitle_line_height_tablet=\u00bb2&#8243; fontsformdesc_font_size_tablet=\u00bb51&#8243; fontsformdesc_line_height_tablet=\u00bb2&#8243; fontsformbody_font_size_tablet=\u00bb51&#8243; fontsformbody_line_height_tablet=\u00bb2&#8243; fontsformelements_font_size_tablet=\u00bb51&#8243; fontsformelements_line_height_tablet=\u00bb2&#8243;][\/et_pb_dcgd_gravity_divi_module][\/et_pb_column][et_pb_column type=\u00bb1_3&#8243; _builder_version=\u00bb4.5.3&#8243; background_color=\u00bbrgba(0,70,119,0.95)\u00bb custom_padding=\u00bb60px|40px|60px|40px\u00bb custom_padding_tablet=\u00bb60px||60px||true|true\u00bb custom_padding_phone=\u00bb40px|20px|40px|20px|true|true\u00bb custom_padding_last_edited=\u00bbon|tablet\u00bb padding_phone=\u00bb40px|20px|40px|20px|true|true\u00bb padding_tablet=\u00bb60px||60px||true|true\u00bb padding_last_edited=\u00bbon|tablet\u00bb custom_padding__hover=\u00bb|||\u00bb][et_pb_text _builder_version=\u00bb4.5.3&#8243; text_font=\u00bb||||||||\u00bb text_text_color=\u00bb#ffffff\u00bb text_font_size=\u00bb15px\u00bb text_line_height=\u00bb2em\u00bb header_font=\u00bb||||||||\u00bb header_2_font=\u00bb||||||||\u00bb header_3_font=\u00bbEB Garamond||||||||\u00bb header_3_text_color=\u00bb#ffffff\u00bb header_3_font_size=\u00bb30px\u00bb header_3_line_height=\u00bb1.4em\u00bb header_4_font=\u00bb|700||on|||||\u00bb header_4_text_color=\u00bbrgba(255,255,255,0.4)\u00bb header_4_font_size=\u00bb12px\u00bb header_4_letter_spacing=\u00bb2px\u00bb header_4_line_height=\u00bb2em\u00bb text_line_height_tablet=\u00bb\u00bb text_line_height_phone=\u00bb1.6em\u00bb text_line_height_last_edited=\u00bbon|phone\u00bb header_3_font_size_phone=\u00bb30px\u00bb header_3_font_size_last_edited=\u00bboff|desktop\u00bb locked=\u00bboff\u00bb]<\/p>\n<h4>Informaci\u00f3n<\/h4>\n<h3>Cont\u00e1ctenos<\/h3>\n<p>\u00bfTiene alguna sugerencia? \u00bfNecesitas m\u00e1s informaci\u00f3n? \u00bfSolo quieres hablar de educaci\u00f3n? No dude en ponerse en contacto con nosotros para cualquier consulta general, pregunta de preventa o asistencia de aprendizaje electr\u00f3nico. <\/p>\n<p>[\/et_pb_text][et_pb_divider show_divider=\u00bboff\u00bb _builder_version=\u00bb4.5.3&#8243; _module_preset=\u00bbdefault\u00bb custom_padding=\u00bb30px||30px||true|false\u00bb][\/et_pb_divider][et_pb_blurb title=\u00bbWashington B. Collado\u00bb use_icon=\u00bbon\u00bb font_icon=\u00bb%%238%%\u00bb icon_color=\u00bbrgba(255,255,255,0.9)\u00bb icon_placement=\u00bbleft\u00bb content_max_width=\u00bb1100px\u00bb image_max_width_phone=\u00bb50px\u00bb image_max_width_last_edited=\u00bboff|desktop\u00bb _builder_version=\u00bb4.5.3&#8243; header_font=\u00bb|600|||||||\u00bb header_font_size=\u00bb18px\u00bb header_line_height=\u00bb1.6em\u00bb body_font=\u00bb||||||||\u00bb body_font_size=\u00bb15px\u00bb body_line_height=\u00bb2em\u00bb body_link_text_color=\u00bb#ffffff\u00bb background_layout=\u00bbdark\u00bb header_font_size_tablet=\u00bb\u00bb header_font_size_phone=\u00bb15px\u00bb header_font_size_last_edited=\u00bbon|phone\u00bb body_line_height_tablet=\u00bb\u00bb body_line_height_phone=\u00bb1.6em\u00bb body_line_height_last_edited=\u00bbon|phone\u00bb locked=\u00bboff\u00bb]<\/p>\n<address><a href=\"mailto:wbcollado@vamcoacademy.com\">wbcollado@vamcoacademy.com<\/a><br \/>\n954-309-3594<\/address>\n<p>[\/et_pb_blurb][et_pb_blurb title=\u00bbAnabelle Pe\u00f1a Garc\u00eda\u00bb use_icon=\u00bbon\u00bb font_icon=\u00bb%%238%%\u00bb icon_color=\u00bbrgba(255,255,255,0.9)\u00bb icon_placement=\u00bbleft\u00bb content_max_width=\u00bb1100px\u00bb image_max_width_phone=\u00bb50px\u00bb image_max_width_last_edited=\u00bboff|desktop\u00bb _builder_version=\u00bb4.5.3&#8243; header_font=\u00bb|600|||||||\u00bb header_font_size=\u00bb18px\u00bb header_line_height=\u00bb1.6em\u00bb body_font=\u00bb||||||||\u00bb body_font_size=\u00bb15px\u00bb body_line_height=\u00bb2em\u00bb body_link_text_color=\u00bb#ffffff\u00bb background_layout=\u00bbdark\u00bb header_font_size_tablet=\u00bb\u00bb header_font_size_phone=\u00bb15px\u00bb header_font_size_last_edited=\u00bbon|phone\u00bb body_line_height_tablet=\u00bb\u00bb body_line_height_phone=\u00bb1.6em\u00bb body_line_height_last_edited=\u00bbon|phone\u00bb locked=\u00bboff\u00bb]<\/p>\n<address><a href=\"mailto:apena@vamcoacademy.com\">apena@vamcoacademy.com<\/a><br \/>\n829-849-8910<\/address>\n<p>[\/et_pb_blurb][et_pb_blurb title=\u00bbJenny Rosa de Perez\u00bb use_icon=\u00bbon\u00bb font_icon=\u00bb%%238%%\u00bb icon_color=\u00bbrgba(255,255,255,0.9)\u00bb icon_placement=\u00bbleft\u00bb content_max_width=\u00bb1100px\u00bb image_max_width_phone=\u00bb50px\u00bb image_max_width_last_edited=\u00bboff|desktop\u00bb _builder_version=\u00bb4.5.3&#8243; header_font=\u00bb|600|||||||\u00bb header_font_size=\u00bb18px\u00bb header_line_height=\u00bb1.6em\u00bb body_font=\u00bb||||||||\u00bb body_font_size=\u00bb15px\u00bb body_line_height=\u00bb2em\u00bb body_link_text_color=\u00bb#ffffff\u00bb background_layout=\u00bbdark\u00bb header_font_size_tablet=\u00bb\u00bb header_font_size_phone=\u00bb15px\u00bb header_font_size_last_edited=\u00bbon|phone\u00bb body_line_height_tablet=\u00bb\u00bb body_line_height_phone=\u00bb1.6em\u00bb body_line_height_last_edited=\u00bbon|phone\u00bb locked=\u00bboff\u00bb]<\/p>\n<address><a href=\"mailto:jrosa@vamcoacademy.com\">jrosa@vamcoacademy.com<\/a><br \/>\n809-224-3859<\/address>\n<p>[\/et_pb_blurb][\/et_pb_column][\/et_pb_row][\/et_pb_section][et_pb_section fb_built=\u00bb1&#8243; admin_label=\u00bbFAQ\u00bb _builder_version=\u00bb3.22&#8243;][et_pb_row _builder_version=\u00bb3.25&#8243; background_size=\u00bbinitial\u00bb background_position=\u00bbtop_left\u00bb background_repeat=\u00bbrepeat\u00bb max_width=\u00bb1280px\u00bb use_custom_width=\u00bbon\u00bb custom_width_px=\u00bb1280px\u00bb][et_pb_column type=\u00bb4_4&#8243; _builder_version=\u00bb3.25&#8243; custom_padding=\u00bb|||\u00bb custom_padding__hover=\u00bb|||\u00bb][et_pb_text _builder_version=\u00bb4.5.3&#8243; text_font=\u00bb||||||||\u00bb text_font_size=\u00bb16px\u00bb text_line_height=\u00bb2em\u00bb ul_font=\u00bb||||||||\u00bb ol_font=\u00bb||||||||\u00bb header_font=\u00bb||||||||\u00bb header_2_font=\u00bbEB Garamond||||||||\u00bb header_2_text_color=\u00bb#004677&#8243; header_2_font_size=\u00bb50px\u00bb header_2_line_height=\u00bb1.3em\u00bb header_3_font=\u00bb||||||||\u00bb header_4_font=\u00bb|700||on|||||\u00bb header_4_text_color=\u00bb#e02b20&#8243; header_4_font_size=\u00bb12px\u00bb header_4_letter_spacing=\u00bb2px\u00bb header_4_line_height=\u00bb2em\u00bb header_5_font=\u00bb||||||||\u00bb header_6_font=\u00bb||||||||\u00bb header_2_font_size_tablet=\u00bb40px\u00bb header_2_font_size_phone=\u00bb30px\u00bb header_2_font_size_last_edited=\u00bbon|phone\u00bb locked=\u00bboff\u00bb]<\/p>\n<h4>FAQ<\/h4>\n<h2>Frequently Asked<\/h2>\n<p>[\/et_pb_text][\/et_pb_column][\/et_pb_row][et_pb_row column_structure=\u00bb1_2,1_2&#8243; _builder_version=\u00bb3.25&#8243; background_size=\u00bbinitial\u00bb background_position=\u00bbtop_left\u00bb background_repeat=\u00bbrepeat\u00bb max_width=\u00bb1280px\u00bb use_custom_width=\u00bbon\u00bb custom_width_px=\u00bb1280px\u00bb][et_pb_column type=\u00bb1_2&#8243; _builder_version=\u00bb3.25&#8243; custom_padding=\u00bb|||\u00bb custom_padding__hover=\u00bb|||\u00bb][et_pb_accordion open_toggle_background_color=\u00bb#ffffff\u00bb closed_toggle_text_color=\u00bb#333333&#8243; closed_toggle_background_color=\u00bb#ffffff\u00bb _builder_version=\u00bb3.11&#8243; toggle_font=\u00bb|600|||||||\u00bb toggle_font_size=\u00bb18px\u00bb toggle_line_height=\u00bb1.6em\u00bb body_font=\u00bb||||||||\u00bb body_font_size=\u00bb15px\u00bb body_line_height=\u00bb2em\u00bb animation_style=\u00bbzoom\u00bb animation_intensity_zoom=\u00bb2%\u00bb toggle_font_size_tablet=\u00bb\u00bb toggle_font_size_phone=\u00bb15px\u00bb toggle_font_size_last_edited=\u00bbon|phone\u00bb body_line_height_tablet=\u00bb\u00bb body_line_height_phone=\u00bb1.6em\u00bb body_line_height_last_edited=\u00bbon|phone\u00bb border_radii=\u00bbon|12px|12px|12px|12px\u00bb border_width_all=\u00bb0px\u00bb box_shadow_style=\u00bbpreset1&#8243; box_shadow_vertical=\u00bb10px\u00bb box_shadow_blur=\u00bb60px\u00bb box_shadow_color=\u00bbrgba(15,19,25,0.1)\u00bb][et_pb_accordion_item title=\u00bbCras ultricies ligula sed magna dictum porta?\u00bb open=\u00bbon\u00bb _builder_version=\u00bb3.11&#8243; custom_padding=\u00bb30px|30px|30px|30px|true|true\u00bb]<\/p>\n<p>Donec rutrum congue leo eget malesuada. Donec rutrum congue leo eget malesuada. Praesent sapien massa, convallis a pellentesque nec, egestas non nisi. Vivamus magna justo, lacinia eget consectetur sed, convallis at tellus.<\/p>\n<p>[\/et_pb_accordion_item][et_pb_accordion_item title=\u00bbLorem ipsum dolor sit amet consectetu adipiscing elit?\u00bb _builder_version=\u00bb3.11&#8243; custom_padding=\u00bb30px|30px|30px|30px|true|true\u00bb open=\u00bboff\u00bb]Your content goes here. Edit or remove this text inline or in the module Content settings. You can also style every aspect of this content in the module Design settings and even apply custom CSS to this text in the module Advanced settings.[\/et_pb_accordion_item][et_pb_accordion_item title=\u00bbVestibulum ac diam sit amet quam vehicula sit amet dui?\u00bb _builder_version=\u00bb3.11&#8243; custom_padding=\u00bb30px|30px|30px|30px|true|true\u00bb open=\u00bboff\u00bb]Your content goes here. Edit or remove this text inline or in the module Content settings. You can also style every aspect of this content in the module Design settings and even apply custom CSS to this text in the module Advanced settings.[\/et_pb_accordion_item][et_pb_accordion_item title=\u00bbCurabitur non nulla sit amet nisl tempus convallis?\u00bb _builder_version=\u00bb3.11&#8243; custom_padding=\u00bb30px|30px|30px|30px|true|true\u00bb open=\u00bboff\u00bb]Your content goes here. Edit or remove this text inline or in the module Content settings. You can also style every aspect of this content in the module Design settings and even apply custom CSS to this text in the module Advanced settings.[\/et_pb_accordion_item][\/et_pb_accordion][\/et_pb_column][et_pb_column type=\u00bb1_2&#8243; _builder_version=\u00bb3.25&#8243; custom_padding=\u00bb|||\u00bb custom_padding__hover=\u00bb|||\u00bb][et_pb_accordion open_toggle_background_color=\u00bb#ffffff\u00bb closed_toggle_text_color=\u00bb#333333&#8243; closed_toggle_background_color=\u00bb#ffffff\u00bb _builder_version=\u00bb3.11&#8243; toggle_font=\u00bb|600|||||||\u00bb toggle_font_size=\u00bb18px\u00bb toggle_line_height=\u00bb1.6em\u00bb body_font=\u00bb||||||||\u00bb body_font_size=\u00bb15px\u00bb body_line_height=\u00bb2em\u00bb animation_style=\u00bbzoom\u00bb animation_intensity_zoom=\u00bb2%\u00bb toggle_font_size_tablet=\u00bb\u00bb toggle_font_size_phone=\u00bb15px\u00bb toggle_font_size_last_edited=\u00bbon|phone\u00bb body_line_height_tablet=\u00bb\u00bb body_line_height_phone=\u00bb1.6em\u00bb body_line_height_last_edited=\u00bbon|phone\u00bb border_radii=\u00bbon|12px|12px|12px|12px\u00bb border_width_all=\u00bb0px\u00bb box_shadow_style=\u00bbpreset1&#8243; box_shadow_vertical=\u00bb10px\u00bb box_shadow_blur=\u00bb60px\u00bb box_shadow_color=\u00bbrgba(15,19,25,0.1)\u00bb locked=\u00bboff\u00bb][et_pb_accordion_item title=\u00bbCras ultricies ligula sed magna dictum porta?\u00bb open=\u00bbon\u00bb _builder_version=\u00bb3.11&#8243; custom_padding=\u00bb30px|30px|30px|30px|true|true\u00bb]<\/p>\n<p>Donec rutrum congue leo eget malesuada. Donec rutrum congue leo eget malesuada. Praesent sapien massa, convallis a pellentesque nec, egestas non nisi. Vivamus magna justo, lacinia eget consectetur sed, convallis at tellus.<\/p>\n<p>[\/et_pb_accordion_item][et_pb_accordion_item title=\u00bbLorem ipsum dolor sit amet consectetu adipiscing elit?\u00bb _builder_version=\u00bb3.11&#8243; custom_padding=\u00bb30px|30px|30px|30px|true|true\u00bb open=\u00bboff\u00bb]Your content goes here. Edit or remove this text inline or in the module Content settings. You can also style every aspect of this content in the module Design settings and even apply custom CSS to this text in the module Advanced settings.[\/et_pb_accordion_item][et_pb_accordion_item title=\u00bbVestibulum ac diam sit amet quam vehicula sit amet dui?\u00bb _builder_version=\u00bb3.11&#8243; custom_padding=\u00bb30px|30px|30px|30px|true|true\u00bb open=\u00bboff\u00bb]Your content goes here. Edit or remove this text inline or in the module Content settings. You can also style every aspect of this content in the module Design settings and even apply custom CSS to this text in the module Advanced settings.[\/et_pb_accordion_item][et_pb_accordion_item title=\u00bbCurabitur non nulla sit amet nisl tempus convallis?\u00bb _builder_version=\u00bb3.11&#8243; custom_padding=\u00bb30px|30px|30px|30px|true|true\u00bb open=\u00bboff\u00bb]Your content goes here. Edit or remove this text inline or in the module Content settings. You can also style every aspect of this content in the module Design settings and even apply custom CSS to this text in the module Advanced settings.[\/et_pb_accordion_item][\/et_pb_accordion][\/et_pb_column][\/et_pb_row][\/et_pb_section]<\/p>\n","protected":false},"excerpt":{"rendered":"<p>Mant\u00e9ngase En Contacto Comun\u00edquese con nosotros por tel\u00e9fono, correo electr\u00f3nico, el formulario en esta p\u00e1gina o con\u00e9ctese con nosotros en las redes sociales de la web ! Enviar un MensajeInformaci\u00f3n Cont\u00e1ctenos \u00bfTiene alguna sugerencia? \u00bfNecesitas m\u00e1s informaci\u00f3n? \u00bfSolo quieres hablar de educaci\u00f3n? No dude en ponerse en contacto con nosotros para cualquier consulta general, pregunta [&hellip;]<\/p>\n","protected":false},"author":1,"featured_media":0,"parent":0,"menu_order":5,"comment_status":"closed","ping_status":"closed","template":"","meta":{"_et_pb_use_builder":"on","_et_pb_old_content":"","_et_gb_content_width":"","inline_featured_image":false,"footnotes":""},"class_list":["post-285","page","type-page","status-publish","hentry"],"_links":{"self":[{"href":"https:\/\/vamcoacademy.com\/es\/wp-json\/wp\/v2\/pages\/285","targetHints":{"allow":["GET"]}}],"collection":[{"href":"https:\/\/vamcoacademy.com\/es\/wp-json\/wp\/v2\/pages"}],"about":[{"href":"https:\/\/vamcoacademy.com\/es\/wp-json\/wp\/v2\/types\/page"}],"author":[{"embeddable":true,"href":"https:\/\/vamcoacademy.com\/es\/wp-json\/wp\/v2\/users\/1"}],"replies":[{"embeddable":true,"href":"https:\/\/vamcoacademy.com\/es\/wp-json\/wp\/v2\/comments?post=285"}],"version-history":[{"count":10,"href":"https:\/\/vamcoacademy.com\/es\/wp-json\/wp\/v2\/pages\/285\/revisions"}],"predecessor-version":[{"id":1250,"href":"https:\/\/vamcoacademy.com\/es\/wp-json\/wp\/v2\/pages\/285\/revisions\/1250"}],"wp:attachment":[{"href":"https:\/\/vamcoacademy.com\/es\/wp-json\/wp\/v2\/media?parent=285"}],"curies":[{"name":"wp","href":"https:\/\/api.w.org\/{rel}","templated":true}]}}