{"id":278,"date":"2017-10-28T23:31:09","date_gmt":"2017-10-28T23:31:09","guid":{"rendered":"http:\/\/dev.vamcoacademy.com\/partners-affiliates\/"},"modified":"2020-08-28T20:01:51","modified_gmt":"2020-08-28T20:01:51","slug":"partners-affiliates","status":"publish","type":"page","link":"https:\/\/vamcoacademy.com\/es\/partners-affiliates\/","title":{"rendered":"Nuestros Afiliados"},"content":{"rendered":"<p>[et_pb_section fb_built=\u00bb1&#8243; custom_padding_last_edited=\u00bbon|desktop\u00bb admin_label=\u00bbHeader\u00bb _builder_version=\u00bb4.5.3&#8243; use_background_color_gradient=\u00bbon\u00bb background_color_gradient_start=\u00bbrgba(255,255,255,0.75)\u00bb background_color_gradient_end=\u00bb#ffffff\u00bb background_color_gradient_overlays_image=\u00bbon\u00bb background_image=\u00bbhttp:\/\/vamcoacademy.com\/wp-content\/uploads\/2018\/09\/online_learning_together.jpg\u00bb custom_padding=\u00bb110px||||false|false\u00bb custom_padding_tablet=\u00bb140px|0px|50px|0px|false|false\u00bb custom_padding_phone=\u00bb120px|||\u00bb][et_pb_row column_structure=\u00bb1_2,1_2&#8243; _builder_version=\u00bb3.25&#8243; max_width=\u00bb1280px\u00bb use_custom_width=\u00bbon\u00bb custom_width_px=\u00bb1280px\u00bb][et_pb_column type=\u00bb1_2&#8243; _builder_version=\u00bb3.25&#8243; custom_padding=\u00bb|||\u00bb custom_padding__hover=\u00bb|||\u00bb][et_pb_text _builder_version=\u00bb4.5.3&#8243; text_font=\u00bb||||||||\u00bb text_font_size=\u00bb18px\u00bb text_line_height=\u00bb2em\u00bb header_font=\u00bbEB Garamond||||||||\u00bb header_text_color=\u00bb#004677&#8243; header_font_size=\u00bb60px\u00bb header_line_height=\u00bb1.3em\u00bb max_width=\u00bb600px\u00bb text_font_size_tablet=\u00bb\u00bb text_font_size_phone=\u00bb15px\u00bb text_font_size_last_edited=\u00bbon|phone\u00bb text_line_height_tablet=\u00bb\u00bb text_line_height_phone=\u00bb1.6em\u00bb text_line_height_last_edited=\u00bbon|phone\u00bb header_font_size_tablet=\u00bb50px\u00bb header_font_size_phone=\u00bb32px\u00bb header_font_size_last_edited=\u00bbon|phone\u00bb]<\/p>\n<h1>Nuestros Afiliados<\/h1>\n<p>Hemos unido fuerzas con escuelas e instituciones afines que nos permiten ofrecer a nuestros estudiantes un plan de estudios y una experiencia de aprendizaje en l\u00ednea de la m\u00e1s alta calidad.<\/p>\n<p>[\/et_pb_text][\/et_pb_column][et_pb_column type=\u00bb1_2&#8243; _builder_version=\u00bb3.25&#8243; custom_padding=\u00bb|||\u00bb custom_padding__hover=\u00bb|||\u00bb][\/et_pb_column][\/et_pb_row][\/et_pb_section][et_pb_section fb_built=\u00bb1&#8243; admin_label=\u00bbAdmissions\u00bb _builder_version=\u00bb3.22&#8243; locked=\u00bboff\u00bb][et_pb_row column_structure=\u00bb1_3,1_3,1_3&#8243; use_custom_gutter=\u00bbon\u00bb gutter_width=\u00bb2&#8243; _builder_version=\u00bb3.25&#8243; max_width=\u00bb1280px\u00bb animation_style=\u00bbzoom\u00bb animation_intensity_zoom=\u00bb2%\u00bb use_custom_width=\u00bbon\u00bb custom_width_px=\u00bb1280px\u00bb][et_pb_column type=\u00bb1_3&#8243; _builder_version=\u00bb3.25&#8243; custom_padding=\u00bb|||\u00bb custom_padding__hover=\u00bb|||\u00bb][et_pb_blurb image=\u00bbhttp:\/\/vamcoacademy.com\/wp-content\/uploads\/2017\/10\/conexus_affiliate.png\u00bb alt=\u00bbConexus\u00bb content_max_width=\u00bb1100px\u00bb _builder_version=\u00bb4.5.3&#8243; background_color=\u00bb#ffffff\u00bb custom_margin=\u00bb||0px|\u00bb custom_padding=\u00bb30px|30px||30px|false|true\u00bb animation=\u00bboff\u00bb box_shadow_style=\u00bbpreset1&#8243; box_shadow_vertical=\u00bb50px\u00bb box_shadow_blur=\u00bb80px\u00bb box_shadow_color=\u00bbrgba(15,19,25,0.1)\u00bb][\/et_pb_blurb][et_pb_cta title=\u00bbConexus\u00bb button_url=\u00bbhttp:\/\/www.conexus.edu.do\u00bb url_new_window=\u00bbon\u00bb button_text=\u00bbwww.conexus.edu.do\u00bb _builder_version=\u00bb4.5.3&#8243; header_font=\u00bbEB Garamond|700|||||||\u00bb header_text_align=\u00bbcenter\u00bb header_text_color=\u00bb#004677&#8243; header_font_size=\u00bb24px\u00bb header_line_height=\u00bb1.4em\u00bb body_font=\u00bb||||||||\u00bb body_line_height=\u00bb2em\u00bb background_color=\u00bb#ffffff\u00bb custom_button=\u00bbon\u00bb button_text_size=\u00bb12px\u00bb button_text_color=\u00bb#004677&#8243; button_bg_color=\u00bbrgba(0,70,119,0.15)\u00bb button_border_width=\u00bb2px\u00bb button_border_color=\u00bbrgba(0,0,0,0)\u00bb button_border_radius=\u00bb5px\u00bb button_letter_spacing=\u00bb0px\u00bb button_font=\u00bb|300|||||||\u00bb button_icon=\u00bb%%5%%\u00bb button_icon_placement=\u00bbleft\u00bb button_alignment=\u00bbcenter\u00bb text_orientation=\u00bbleft\u00bb background_layout=\u00bblight\u00bb custom_padding=\u00bb0px|30px|40px|30px|false|true\u00bb body_line_height_tablet=\u00bb\u00bb body_line_height_phone=\u00bb1.6em\u00bb body_line_height_last_edited=\u00bbon|phone\u00bb border_radii=\u00bb|||12px|12px\u00bb box_shadow_style=\u00bbpreset1&#8243; box_shadow_vertical=\u00bb50px\u00bb box_shadow_blur=\u00bb80px\u00bb box_shadow_color=\u00bbrgba(15,19,25,0.1)\u00bb button_letter_spacing_hover=\u00bb1px\u00bb button_text_size__hover_enabled=\u00bboff\u00bb button_one_text_size__hover_enabled=\u00bboff\u00bb button_two_text_size__hover_enabled=\u00bboff\u00bb button_text_color__hover_enabled=\u00bboff\u00bb button_one_text_color__hover_enabled=\u00bboff\u00bb button_two_text_color__hover_enabled=\u00bboff\u00bb button_border_width__hover_enabled=\u00bboff\u00bb button_one_border_width__hover_enabled=\u00bboff\u00bb button_two_border_width__hover_enabled=\u00bboff\u00bb button_border_color__hover_enabled=\u00bboff\u00bb button_one_border_color__hover_enabled=\u00bboff\u00bb button_two_border_color__hover_enabled=\u00bboff\u00bb button_border_radius__hover_enabled=\u00bboff\u00bb button_one_border_radius__hover_enabled=\u00bboff\u00bb button_two_border_radius__hover_enabled=\u00bboff\u00bb button_letter_spacing__hover_enabled=\u00bboff|desktop\u00bb button_letter_spacing__hover=\u00bb1px\u00bb button_one_letter_spacing__hover_enabled=\u00bboff\u00bb button_two_letter_spacing__hover_enabled=\u00bboff\u00bb button_bg_color__hover_enabled=\u00bboff\u00bb button_one_bg_color__hover_enabled=\u00bboff\u00bb button_two_bg_color__hover_enabled=\u00bboff\u00bb]<\/p>\n<p>Educaci\u00f3n secundaria (7\u00b0-12\u00b0) ubicada en el Ensanche Evaristo de Morales, Santo Domingo, Rep.Dominicana Enfoque educativo basado en tres factores clave para una Educaci\u00f3n Conectiva efectiva: Combinando conocimientos, tecnolog\u00eda y comprensi\u00f3n emocional que se basa en varios ejes valores humanos.<\/p>\n<p>[\/et_pb_cta][\/et_pb_column][et_pb_column type=\u00bb1_3&#8243; _builder_version=\u00bb3.25&#8243; custom_padding=\u00bb|||\u00bb custom_padding__hover=\u00bb|||\u00bb][et_pb_blurb image=\u00bbhttp:\/\/vamcoacademy.com\/wp-content\/uploads\/2020\/08\/edmentum.png\u00bb content_max_width=\u00bb1100px\u00bb _builder_version=\u00bb4.5.3&#8243; background_color=\u00bb#ffffff\u00bb custom_margin=\u00bb||0px|\u00bb custom_padding=\u00bb30px|30px||30px|false|true\u00bb animation=\u00bboff\u00bb box_shadow_style=\u00bbpreset1&#8243; box_shadow_vertical=\u00bb50px\u00bb box_shadow_blur=\u00bb80px\u00bb box_shadow_color=\u00bbrgba(15,19,25,0.1)\u00bb locked=\u00bboff\u00bb][\/et_pb_blurb][et_pb_cta title=\u00bbEdmentum\u00bb button_url=\u00bbhttps:\/\/edmentum.com\u00bb url_new_window=\u00bbon\u00bb button_text=\u00bbwww.edmentum.com\u00bb _builder_version=\u00bb4.5.3&#8243; header_font=\u00bbEB Garamond|700|||||||\u00bb header_text_align=\u00bbcenter\u00bb header_text_color=\u00bb#004677&#8243; header_font_size=\u00bb24px\u00bb header_line_height=\u00bb1.4em\u00bb body_font=\u00bb||||||||\u00bb body_line_height=\u00bb2em\u00bb background_color=\u00bb#ffffff\u00bb custom_button=\u00bbon\u00bb button_text_size=\u00bb12px\u00bb button_text_color=\u00bb#004677&#8243; button_bg_color=\u00bbrgba(0,70,119,0.15)\u00bb button_border_width=\u00bb2px\u00bb button_border_color=\u00bbrgba(0,0,0,0)\u00bb button_border_radius=\u00bb5px\u00bb button_letter_spacing=\u00bb0px\u00bb button_font=\u00bb|300|||||||\u00bb button_icon=\u00bb%%5%%\u00bb button_icon_placement=\u00bbleft\u00bb button_alignment=\u00bbcenter\u00bb text_orientation=\u00bbleft\u00bb background_layout=\u00bblight\u00bb custom_padding=\u00bb0px|30px|40px|30px|false|true\u00bb body_line_height_tablet=\u00bb\u00bb body_line_height_phone=\u00bb1.6em\u00bb body_line_height_last_edited=\u00bbon|phone\u00bb border_radii=\u00bb|||12px|12px\u00bb box_shadow_style=\u00bbpreset1&#8243; box_shadow_vertical=\u00bb50px\u00bb box_shadow_blur=\u00bb80px\u00bb box_shadow_color=\u00bbrgba(15,19,25,0.1)\u00bb button_letter_spacing_hover=\u00bb1px\u00bb locked=\u00bboff\u00bb button_text_size__hover_enabled=\u00bboff\u00bb button_one_text_size__hover_enabled=\u00bboff\u00bb button_two_text_size__hover_enabled=\u00bboff\u00bb button_text_color__hover_enabled=\u00bboff\u00bb button_one_text_color__hover_enabled=\u00bboff\u00bb button_two_text_color__hover_enabled=\u00bboff\u00bb button_border_width__hover_enabled=\u00bboff\u00bb button_one_border_width__hover_enabled=\u00bboff\u00bb button_two_border_width__hover_enabled=\u00bboff\u00bb button_border_color__hover_enabled=\u00bboff\u00bb button_one_border_color__hover_enabled=\u00bboff\u00bb button_two_border_color__hover_enabled=\u00bboff\u00bb button_border_radius__hover_enabled=\u00bboff\u00bb button_one_border_radius__hover_enabled=\u00bboff\u00bb button_two_border_radius__hover_enabled=\u00bboff\u00bb button_letter_spacing__hover_enabled=\u00bboff|desktop\u00bb button_letter_spacing__hover=\u00bb1px\u00bb button_one_letter_spacing__hover_enabled=\u00bboff\u00bb button_two_letter_spacing__hover_enabled=\u00bboff\u00bb button_bg_color__hover_enabled=\u00bboff\u00bb button_one_bg_color__hover_enabled=\u00bboff\u00bb button_two_bg_color__hover_enabled=\u00bboff\u00bb]En Edmentum, nuestro objetivo es hacer del aprendizaje personalizado una realidad alcanzable en cada sal\u00f3n de clases. Por cada sonrisa, frustraci\u00f3n, choca esos cinco, noche larga y &#8216;\u00a1ah-ha!&#8217; En este momento, estamos aqu\u00ed para ayudarlo a mover la aguja un poco m\u00e1s lejos todos los d\u00edas y, en \u00faltima instancia, ayudarlo a individualizar el aprendizaje para cada estudiante que entra por su puerta.[\/et_pb_cta][\/et_pb_column][et_pb_column type=\u00bb1_3&#8243; _builder_version=\u00bb3.25&#8243; custom_padding=\u00bb|||\u00bb custom_padding__hover=\u00bb|||\u00bb][et_pb_blurb image=\u00bbhttp:\/\/vamcoacademy.com\/wp-content\/uploads\/2017\/10\/luxmundi_affiliate.png\u00bb content_max_width=\u00bb1100px\u00bb _builder_version=\u00bb4.5.3&#8243; background_color=\u00bb#ffffff\u00bb custom_margin=\u00bb||0px|\u00bb custom_padding=\u00bb30px|30px||30px|false|true\u00bb animation=\u00bboff\u00bb box_shadow_style=\u00bbpreset1&#8243; box_shadow_vertical=\u00bb50px\u00bb box_shadow_blur=\u00bb80px\u00bb box_shadow_color=\u00bbrgba(15,19,25,0.1)\u00bb locked=\u00bboff\u00bb][\/et_pb_blurb][et_pb_cta title=\u00bbLux Mundi\u00bb button_url=\u00bbhttps:\/\/luxmundi.edu.do\/\u00bb url_new_window=\u00bbon\u00bb button_text=\u00bbwww.luxmundi.edu.do\u00bb _builder_version=\u00bb4.5.3&#8243; header_font=\u00bbEB Garamond|700|||||||\u00bb header_text_align=\u00bbcenter\u00bb header_text_color=\u00bb#004677&#8243; header_font_size=\u00bb24px\u00bb header_line_height=\u00bb1.4em\u00bb body_font=\u00bb||||||||\u00bb body_line_height=\u00bb2em\u00bb background_color=\u00bb#ffffff\u00bb custom_button=\u00bbon\u00bb button_text_size=\u00bb12px\u00bb button_text_color=\u00bb#004677&#8243; button_bg_color=\u00bbrgba(0,70,119,0.15)\u00bb button_border_width=\u00bb2px\u00bb button_border_color=\u00bbrgba(0,0,0,0)\u00bb button_border_radius=\u00bb5px\u00bb button_letter_spacing=\u00bb0px\u00bb button_font=\u00bb|300|||||||\u00bb button_icon=\u00bb%%5%%\u00bb button_icon_placement=\u00bbleft\u00bb button_alignment=\u00bbcenter\u00bb text_orientation=\u00bbleft\u00bb background_layout=\u00bblight\u00bb custom_padding=\u00bb0px|30px|40px|30px|false|true\u00bb body_line_height_tablet=\u00bb\u00bb body_line_height_phone=\u00bb1.6em\u00bb body_line_height_last_edited=\u00bbon|phone\u00bb border_radii=\u00bb|||12px|12px\u00bb box_shadow_style=\u00bbpreset1&#8243; box_shadow_vertical=\u00bb50px\u00bb box_shadow_blur=\u00bb80px\u00bb box_shadow_color=\u00bbrgba(15,19,25,0.1)\u00bb button_letter_spacing_hover=\u00bb1px\u00bb locked=\u00bboff\u00bb button_text_size__hover_enabled=\u00bboff\u00bb button_one_text_size__hover_enabled=\u00bboff\u00bb button_two_text_size__hover_enabled=\u00bboff\u00bb button_text_color__hover_enabled=\u00bboff\u00bb button_one_text_color__hover_enabled=\u00bboff\u00bb button_two_text_color__hover_enabled=\u00bboff\u00bb button_border_width__hover_enabled=\u00bboff\u00bb button_one_border_width__hover_enabled=\u00bboff\u00bb button_two_border_width__hover_enabled=\u00bboff\u00bb button_border_color__hover_enabled=\u00bboff\u00bb button_one_border_color__hover_enabled=\u00bboff\u00bb button_two_border_color__hover_enabled=\u00bboff\u00bb button_border_radius__hover_enabled=\u00bboff\u00bb button_one_border_radius__hover_enabled=\u00bboff\u00bb button_two_border_radius__hover_enabled=\u00bboff\u00bb button_letter_spacing__hover_enabled=\u00bboff|desktop\u00bb button_letter_spacing__hover=\u00bb1px\u00bb button_one_letter_spacing__hover_enabled=\u00bboff\u00bb button_two_letter_spacing__hover_enabled=\u00bboff\u00bb button_bg_color__hover_enabled=\u00bboff\u00bb button_one_bg_color__hover_enabled=\u00bboff\u00bb button_two_bg_color__hover_enabled=\u00bboff\u00bb]Nuestra escuela, ubicada en el Ensanche Piantini, Santo Domingo, est\u00e1 comprometida con el crecimiento acad\u00e9mico, personal y profesional de cada alumno: un crecimiento integral y continuo, serio y entusiasta, comprometido y decidido, de una comunidad que trabaja en todas las dimensiones de la ser humano.[\/et_pb_cta][\/et_pb_column][\/et_pb_row][\/et_pb_section]<\/p>\n","protected":false},"excerpt":{"rendered":"<p>Nuestros Afiliados Hemos unido fuerzas con escuelas e instituciones afines que nos permiten ofrecer a nuestros estudiantes un plan de estudios y una experiencia de aprendizaje en l\u00ednea de la m\u00e1s alta calidad.Educaci\u00f3n secundaria (7\u00b0-12\u00b0) ubicada en el Ensanche Evaristo de Morales, Santo Domingo, Rep.Dominicana Enfoque educativo basado en tres factores clave para una Educaci\u00f3n [&hellip;]<\/p>\n","protected":false},"author":1,"featured_media":0,"parent":0,"menu_order":4,"comment_status":"closed","ping_status":"closed","template":"","meta":{"_et_pb_use_builder":"on","_et_pb_old_content":"","_et_gb_content_width":"","inline_featured_image":false,"footnotes":""},"class_list":["post-278","page","type-page","status-publish","hentry"],"_links":{"self":[{"href":"https:\/\/vamcoacademy.com\/es\/wp-json\/wp\/v2\/pages\/278","targetHints":{"allow":["GET"]}}],"collection":[{"href":"https:\/\/vamcoacademy.com\/es\/wp-json\/wp\/v2\/pages"}],"about":[{"href":"https:\/\/vamcoacademy.com\/es\/wp-json\/wp\/v2\/types\/page"}],"author":[{"embeddable":true,"href":"https:\/\/vamcoacademy.com\/es\/wp-json\/wp\/v2\/users\/1"}],"replies":[{"embeddable":true,"href":"https:\/\/vamcoacademy.com\/es\/wp-json\/wp\/v2\/comments?post=278"}],"version-history":[{"count":15,"href":"https:\/\/vamcoacademy.com\/es\/wp-json\/wp\/v2\/pages\/278\/revisions"}],"predecessor-version":[{"id":1253,"href":"https:\/\/vamcoacademy.com\/es\/wp-json\/wp\/v2\/pages\/278\/revisions\/1253"}],"wp:attachment":[{"href":"https:\/\/vamcoacademy.com\/es\/wp-json\/wp\/v2\/media?parent=278"}],"curies":[{"name":"wp","href":"https:\/\/api.w.org\/{rel}","templated":true}]}}