{"id":245,"date":"2017-10-28T21:17:21","date_gmt":"2017-10-28T21:17:21","guid":{"rendered":"http:\/\/dev.vamcoacademy.com\/acerca-de-nosotros\/"},"modified":"2022-10-09T23:21:59","modified_gmt":"2022-10-09T23:21:59","slug":"about","status":"publish","type":"page","link":"https:\/\/vamcoacademy.com\/es\/about\/","title":{"rendered":"Acerca de Nosotros"},"content":{"rendered":"<p>[et_pb_section fb_built=\u00bb1&#8243; custom_padding_last_edited=\u00bbon|desktop\u00bb admin_label=\u00bbHeader\u00bb _builder_version=\u00bb4.5.3&#8243; use_background_color_gradient=\u00bbon\u00bb background_color_gradient_start=\u00bbrgba(255,255,255,0.7)\u00bb background_color_gradient_end=\u00bb#ffffff\u00bb background_color_gradient_end_position=\u00bb80%\u00bb background_color_gradient_overlays_image=\u00bbon\u00bb background_image=\u00bbhttps:\/\/vamcoacademy.com\/wp-content\/uploads\/2020\/08\/hdgdgh.jpg\u00bb custom_padding=\u00bb110px||50px||false|false\u00bb custom_padding_tablet=\u00bb140px|0px|50px|0px|false|false\u00bb custom_padding_phone=\u00bb120px|||\u00bb][et_pb_row column_structure=\u00bb1_2,1_2&#8243; _builder_version=\u00bb3.25&#8243; max_width=\u00bb1280px\u00bb use_custom_width=\u00bbon\u00bb custom_width_px=\u00bb1280px\u00bb][et_pb_column type=\u00bb1_2&#8243; _builder_version=\u00bb3.25&#8243; custom_padding=\u00bb|||\u00bb custom_padding__hover=\u00bb|||\u00bb][et_pb_text _builder_version=\u00bb4.5.3&#8243; text_font=\u00bb||||||||\u00bb text_font_size=\u00bb18px\u00bb text_line_height=\u00bb2em\u00bb header_font=\u00bbEB Garamond||||||||\u00bb header_text_color=\u00bb#004677&#8243; header_font_size=\u00bb60px\u00bb header_line_height=\u00bb1.3em\u00bb max_width=\u00bb600px\u00bb text_font_size_tablet=\u00bb\u00bb text_font_size_phone=\u00bb15px\u00bb text_font_size_last_edited=\u00bbon|phone\u00bb text_line_height_tablet=\u00bb\u00bb text_line_height_phone=\u00bb1.6em\u00bb text_line_height_last_edited=\u00bbon|phone\u00bb header_font_size_tablet=\u00bb50px\u00bb header_font_size_phone=\u00bb32px\u00bb header_font_size_last_edited=\u00bbon|phone\u00bb]<\/p>\n<h1> Vamco Academy Comienza con la Educaci\u00f3n <\/h1>\n<p> Nuestra visi\u00f3n es crear, desarrollar y ayudar a hacer crecer una comunidad de estudiantes exitosos a trav\u00e9s de padres involucrados y m\u00e9todos de ense\u00f1anza s\u00f3lidos, un estudiante a la vez. <\/p>\n<p>[\/et_pb_text][\/et_pb_column][et_pb_column type=\u00bb1_2&#8243; _builder_version=\u00bb3.25&#8243; custom_padding=\u00bb|||\u00bb custom_padding__hover=\u00bb|||\u00bb][\/et_pb_column][\/et_pb_row][\/et_pb_section][et_pb_section fb_built=\u00bb1&#8243; admin_label=\u00bbAbout Us\u00bb _builder_version=\u00bb3.22&#8243; custom_padding=\u00bb50px||50px|||\u00bb][et_pb_row column_structure=\u00bb1_2,1_2&#8243; _builder_version=\u00bb4.5.3&#8243; custom_width_px=\u00bb1280px\u00bb][et_pb_column type=\u00bb1_2&#8243; _builder_version=\u00bb4.5.3&#8243; custom_padding=\u00bb60px||||false|false\u00bb custom_padding_tablet=\u00bb0px|||\u00bb custom_padding_phone=\u00bb\u00bb custom_padding_last_edited=\u00bbon|tablet\u00bb padding_tablet=\u00bb0px|||\u00bb padding_last_edited=\u00bbon|tablet\u00bb custom_padding__hover=\u00bb|||\u00bb][et_pb_text _builder_version=\u00bb4.5.3&#8243; text_font=\u00bb||||||||\u00bb text_font_size=\u00bb15px\u00bb text_line_height=\u00bb2em\u00bb ul_font=\u00bb||||||||\u00bb ol_font=\u00bb||||||||\u00bb header_font=\u00bb||||||||\u00bb header_2_font=\u00bbEB Garamond||||||||\u00bb header_2_text_color=\u00bb#004677&#8243; header_2_font_size=\u00bb50px\u00bb header_2_line_height=\u00bb1.3em\u00bb header_3_font=\u00bb||||||||\u00bb header_4_font=\u00bb|700||on|||||\u00bb header_4_text_color=\u00bb#e02b20&#8243; header_4_font_size=\u00bb12px\u00bb header_4_letter_spacing=\u00bb2px\u00bb header_4_line_height=\u00bb2em\u00bb header_5_font=\u00bb||||||||\u00bb header_6_font=\u00bb||||||||\u00bb text_line_height_tablet=\u00bb\u00bb text_line_height_phone=\u00bb1.6em\u00bb text_line_height_last_edited=\u00bbon|phone\u00bb header_2_font_size_tablet=\u00bb40px\u00bb header_2_font_size_phone=\u00bb30px\u00bb header_2_font_size_last_edited=\u00bbon|phone\u00bb locked=\u00bboff\u00bb]<\/p>\n<h4>Establecido en 2009<\/h4>\n<h2>Promoci\u00f3n de la Participaci\u00f3n de los Padres y la Comunidad<\/h2>\n<p>Vamco Academy fue fundada por el Dr. Washington B. Collado, un educador, consultor, capacitador y defensor experimentado de la participaci\u00f3n de los padres y la comunidad en la educaci\u00f3n. Su libro, <em><strong>Padres, no olviden su tarea<\/strong><\/em>, que sirve como gu\u00eda para la participaci\u00f3n efectiva de los padres en la educaci\u00f3n de sus hijos, agot\u00f3 su primera edici\u00f3n.<\/p>\n<p>Los libros posteriores incluyeron <em><strong>Padres, no olviden su tarea<\/strong><\/em> (2010), una traducci\u00f3n al ingl\u00e9s de su primer libro, y <em><strong>Liderazgo y Escualas Efectivas<\/strong><\/em> (2014), que analiza c\u00f3mo podemos lograr instituciones educativas que funcionen a un alto nivel y con sinergia a trav\u00e9s de un liderazgo y apoyo efectivo.<\/p>\n<p>[\/et_pb_text][\/et_pb_column][et_pb_column type=\u00bb1_2&#8243; _builder_version=\u00bb3.25&#8243; custom_padding=\u00bb|||\u00bb custom_padding__hover=\u00bb|||\u00bb][et_pb_image src=\u00bbhttps:\/\/vamcoacademy.com\/wp-content\/uploads\/2020\/08\/parent-student-involvement.jpg\u00bb title_text=\u00bbEducaci\u00f3n en el hogar: madre ayudando a sus hijas a terminar la tarea escolar durante la cuarentena por coronavirus\u00bb align_tablet=\u00bbcenter\u00bb align_phone=\u00bb\u00bb align_last_edited=\u00bbon|desktop\u00bb _builder_version=\u00bb4.5.3&#8243;][\/et_pb_image][et_pb_image src=\u00bbhttps:\/\/vamcoacademy.com\/wp-content\/uploads\/2020\/08\/parent-student-learning.jpg\u00bb title_text=\u00bbEducaci\u00f3n en el hogar: madre ayudando a sus hijas a terminar la tarea escolar durante la cuarentena por coronavirus\u00bb align_tablet=\u00bbcenter\u00bb align_phone=\u00bb\u00bb align_last_edited=\u00bbon|desktop\u00bb _builder_version=\u00bb4.5.3&#8243;][\/et_pb_image][\/et_pb_column][\/et_pb_row][\/et_pb_section][et_pb_section fb_built=\u00bb1&#8243; admin_label=\u00bbVideo\u00bb _builder_version=\u00bb3.22&#8243; custom_padding=\u00bb50px||100px|||\u00bb locked=\u00bboff\u00bb][et_pb_row column_structure=\u00bb1_2,1_2&#8243; custom_padding_last_edited=\u00bbon|phone\u00bb _builder_version=\u00bb4.5.3&#8243; background_color=\u00bb#ffffff\u00bb max_width=\u00bb1280px\u00bb custom_margin=\u00bb|auto||auto|false|false\u00bb custom_padding=\u00bb100px|60px|100px|60px|true|true\u00bb custom_padding_tablet=\u00bb|40px||40px||true\u00bb custom_padding_phone=\u00bb|20px||20px||true\u00bb box_shadow_style=\u00bbpreset1&#8243; box_shadow_vertical=\u00bb50px\u00bb box_shadow_blur=\u00bb80px\u00bb box_shadow_color=\u00bbrgba(15,19,25,0.1)\u00bb use_custom_width=\u00bbon\u00bb custom_width_px=\u00bb1280px\u00bb][et_pb_column type=\u00bb1_2&#8243; _builder_version=\u00bb3.25&#8243; custom_padding=\u00bb|||\u00bb custom_padding__hover=\u00bb|||\u00bb][et_pb_image src=\u00bbhttps:\/\/vamcoacademy.com\/wp-content\/uploads\/2020\/08\/wb-collado-speaking.jpg\u00bb title_text=\u00bbwb-collado-speaking\u00bb _builder_version=\u00bb4.5.3&#8243; _module_preset=\u00bbdefault\u00bb border_radii=\u00bbon|5px|5px|5px|5px\u00bb box_shadow_style=\u00bbpreset3&#8243;][\/et_pb_image][\/et_pb_column][et_pb_column type=\u00bb1_2&#8243; _builder_version=\u00bb3.25&#8243; custom_padding=\u00bb|||\u00bb custom_padding__hover=\u00bb|||\u00bb][et_pb_text _builder_version=\u00bb4.5.3&#8243; text_font=\u00bb||||||||\u00bb text_font_size=\u00bb15px\u00bb text_line_height=\u00bb2em\u00bb ul_font=\u00bb||||||||\u00bb ol_font=\u00bb||||||||\u00bb header_font=\u00bb||||||||\u00bb header_2_font=\u00bbEB Garamond||||||||\u00bb header_2_text_color=\u00bb#004677&#8243; header_2_font_size=\u00bb50px\u00bb header_2_line_height=\u00bb1.3em\u00bb header_3_font=\u00bb||||||||\u00bb header_4_font=\u00bb|700||on|||||\u00bb header_4_text_color=\u00bb#e02b20&#8243; header_4_font_size=\u00bb12px\u00bb header_4_letter_spacing=\u00bb2px\u00bb header_4_line_height=\u00bb2em\u00bb header_5_font=\u00bb||||||||\u00bb header_6_font=\u00bb||||||||\u00bb header_2_font_size_tablet=\u00bb40px\u00bb header_2_font_size_phone=\u00bb30px\u00bb header_2_font_size_last_edited=\u00bbon|phone\u00bb locked=\u00bboff\u00bb]<\/p>\n<h4>Acerca de nosotros<\/h4>\n<h2>Nuestra Historia<\/h2>\n<p>A medida que avanzamos, ampliamos nuestras ofertas para brindar una variedad de servicios en <strong>liderazgo<\/strong> educativo, desarrollo curricular, talleres de <strong>mejores pr\u00e1cticas<\/strong> para maestros y administradores, y sistemas educativos. Vamco Education ha publicado m\u00e1s de 100 art\u00edculos en las \u00e1reas de Nueva York, Nueva Jersey y Miami.<\/p>\n<p>Dr. Collado es uno de los principales capacitadores de nuevos administradores en <a title=\"Broward County Public Schools\" href=\"https:\/\/browardschools.com\/\" target=\"_blank\" rel=\"noopener noreferrer\">Broward County Public Schools<\/a>, Florida, y tambi\u00e9n ha colaborado con un equipo de educadores en la Rep\u00fablica Dominicana llevando a cabo <strong>desarrollo de personal<\/strong> y desarrollando capacidades de liderazgo.<\/p>\n<p>En esta faceta, la visi\u00f3n <strong>renovada<\/strong> de Vamco Education es liderar el camino en la integraci\u00f3n de la educaci\u00f3n a trav\u00e9s de la tecnolog\u00eda, principalmente en Rep\u00fablica Dominicana, a trav\u00e9s de la creaci\u00f3n de <strong>Vamco Academy<\/strong>.<\/p>\n<p>[\/et_pb_text][\/et_pb_column][\/et_pb_row][\/et_pb_section][et_pb_section fb_built=\u00bb1&#8243; admin_label=\u00bbWhy Us\u00bb _builder_version=\u00bb3.22&#8243; custom_padding=\u00bb80px||80px||true|\u00bb][et_pb_row _builder_version=\u00bb3.25&#8243; locked=\u00bboff\u00bb][et_pb_column type=\u00bb4_4&#8243; _builder_version=\u00bb3.25&#8243; custom_padding=\u00bb|||\u00bb custom_padding__hover=\u00bb|||\u00bb][et_pb_text _builder_version=\u00bb3.27.4&#8243; text_font=\u00bbEB Garamond|700|||||||\u00bb text_text_color=\u00bbrgba(0,0,0,0.02)\u00bb text_font_size=\u00bb80px\u00bb text_line_height=\u00bb0em\u00bb header_2_font=\u00bbEB Garamond||||||||\u00bb header_2_text_color=\u00bb#004677&#8243; header_2_font_size=\u00bb50px\u00bb header_2_line_height=\u00bb1.3em\u00bb text_orientation=\u00bbcenter\u00bb text_font_size_tablet=\u00bb50px\u00bb text_font_size_phone=\u00bb30px\u00bb text_font_size_last_edited=\u00bbon|desktop\u00bb header_2_font_size_tablet=\u00bb40px\u00bb header_2_font_size_phone=\u00bb30px\u00bb header_2_font_size_last_edited=\u00bbon|phone\u00bb]<\/p>\n<p>ELIJANOS<\/p>\n<h2>\u00bfPor qu\u00e9 aprender con nosotros?<\/h2>\n<p>[\/et_pb_text][\/et_pb_column][\/et_pb_row][et_pb_row column_structure=\u00bb1_2,1_2&#8243; _builder_version=\u00bb4.5.3&#8243; _module_preset=\u00bbdefault\u00bb][et_pb_column type=\u00bb1_2&#8243; _builder_version=\u00bb4.5.3&#8243; _module_preset=\u00bbdefault\u00bb][et_pb_blurb title=\u00bbEstablecido por m\u00e1s de 10 a\u00f1os\u00bb use_icon=\u00bbon\u00bb font_icon=\u00bb%%57%%\u00bb icon_color=\u00bb#e02b20&#8243; icon_placement=\u00bbleft\u00bb content_max_width=\u00bb1100px\u00bb image_max_width_phone=\u00bb50px\u00bb image_max_width_last_edited=\u00bboff|desktop\u00bb admin_label=\u00bbBlurb\u00bb _builder_version=\u00bb4.5.3&#8243; header_level=\u00bbh6&#8243; header_font=\u00bb|600|||||||\u00bb header_font_size=\u00bb18px\u00bb header_line_height=\u00bb1.6em\u00bb body_font=\u00bb||||||||\u00bb body_font_size=\u00bb15px\u00bb body_line_height=\u00bb2em\u00bb header_font_size_tablet=\u00bb\u00bb header_font_size_phone=\u00bb15px\u00bb header_font_size_last_edited=\u00bbon|phone\u00bb body_line_height_tablet=\u00bb\u00bb body_line_height_phone=\u00bb1.6em\u00bb body_line_height_last_edited=\u00bbon|phone\u00bb]<\/p>\n<p>Somos un educador con experiencia y recursos en l\u00ednea.<\/p>\n<p>[\/et_pb_blurb][et_pb_blurb title=\u00bbM\u00e1s de 1000 graduados\u00bb use_icon=\u00bbon\u00bb font_icon=\u00bb%%57%%\u00bb icon_color=\u00bb#e02b20&#8243; icon_placement=\u00bbleft\u00bb content_max_width=\u00bb1100px\u00bb image_max_width_phone=\u00bb50px\u00bb image_max_width_last_edited=\u00bboff|desktop\u00bb _builder_version=\u00bb4.5.3&#8243; header_level=\u00bbh6&#8243; header_font=\u00bb|600|||||||\u00bb header_font_size=\u00bb18px\u00bb header_line_height=\u00bb1.6em\u00bb body_font=\u00bb||||||||\u00bb body_font_size=\u00bb15px\u00bb body_line_height=\u00bb2em\u00bb header_font_size_tablet=\u00bb\u00bb header_font_size_phone=\u00bb15px\u00bb header_font_size_last_edited=\u00bbon|phone\u00bb body_line_height_tablet=\u00bb\u00bb body_line_height_phone=\u00bb1.6em\u00bb body_line_height_last_edited=\u00bbon|phone\u00bb]<\/p>\n<p>Hemos ayudado a graduarse a m\u00e1s de 1,000 estudiantes.<\/p>\n<p>[\/et_pb_blurb][\/et_pb_column][et_pb_column type=\u00bb1_2&#8243; _builder_version=\u00bb4.5.3&#8243; _module_preset=\u00bbdefault\u00bb][et_pb_blurb title=\u00bbCursos en L\u00ednea\u00bb use_icon=\u00bbon\u00bb font_icon=\u00bb%%57%%\u00bb icon_color=\u00bb#e02b20&#8243; icon_placement=\u00bbleft\u00bb content_max_width=\u00bb1100px\u00bb image_max_width_phone=\u00bb50px\u00bb image_max_width_last_edited=\u00bboff|desktop\u00bb _builder_version=\u00bb4.5.3&#8243; header_level=\u00bbh6&#8243; header_font=\u00bb|600|||||||\u00bb header_font_size=\u00bb18px\u00bb header_line_height=\u00bb1.6em\u00bb body_font=\u00bb||||||||\u00bb body_font_size=\u00bb15px\u00bb body_line_height=\u00bb2em\u00bb header_font_size_tablet=\u00bb\u00bb header_font_size_phone=\u00bb15px\u00bb header_font_size_last_edited=\u00bbon|phone\u00bb body_line_height_tablet=\u00bb\u00bb body_line_height_phone=\u00bb1.6em\u00bb body_line_height_last_edited=\u00bbon|phone\u00bb]Ofrecemos un plan de estudios 100% en l\u00ednea para satisfacer sus necesidades \u00fanicas.[\/et_pb_blurb][et_pb_blurb title=\u00bbEducadores de clase mundial\u00bb use_icon=\u00bbon\u00bb font_icon=\u00bb%%57%%\u00bb icon_color=\u00bb#e02b20&#8243; icon_placement=\u00bbleft\u00bb content_max_width=\u00bb1100px\u00bb image_max_width_phone=\u00bb50px\u00bb image_max_width_last_edited=\u00bboff|desktop\u00bb _builder_version=\u00bb4.5.3&#8243; header_level=\u00bbh6&#8243; header_font=\u00bb|600|||||||\u00bb header_font_size=\u00bb18px\u00bb header_line_height=\u00bb1.6em\u00bb body_font=\u00bb||||||||\u00bb body_font_size=\u00bb15px\u00bb body_line_height=\u00bb2em\u00bb header_font_size_tablet=\u00bb\u00bb header_font_size_phone=\u00bb15px\u00bb header_font_size_last_edited=\u00bbon|phone\u00bb body_line_height_tablet=\u00bb\u00bb body_line_height_phone=\u00bb1.6em\u00bb body_line_height_last_edited=\u00bbon|phone\u00bb]<\/p>\n<p>Todos nuestros cursos son impartidos por profesores virtuales certificados por Florida.<\/p>\n<p>[\/et_pb_blurb][\/et_pb_column][\/et_pb_row][\/et_pb_section][et_pb_section fb_built=\u00bb1&#8243; admin_label=\u00bbWhy Us\u00bb _builder_version=\u00bb3.22&#8243; custom_padding=\u00bb80px||80px||true|\u00bb][et_pb_row _builder_version=\u00bb3.25&#8243; locked=\u00bboff\u00bb][et_pb_column type=\u00bb4_4&#8243; _builder_version=\u00bb3.25&#8243; custom_padding=\u00bb|||\u00bb custom_padding__hover=\u00bb|||\u00bb][et_pb_text _builder_version=\u00bb4.5.3&#8243; text_font=\u00bbEB Garamond|700|||||||\u00bb text_text_color=\u00bbrgba(0,0,0,0.02)\u00bb text_font_size=\u00bb80px\u00bb text_line_height=\u00bb0em\u00bb header_2_font=\u00bbEB Garamond||||||||\u00bb header_2_text_color=\u00bb#004677&#8243; header_2_font_size=\u00bb50px\u00bb header_2_line_height=\u00bb1.3em\u00bb text_orientation=\u00bbcenter\u00bb text_font_size_tablet=\u00bb50px\u00bb text_font_size_phone=\u00bb30px\u00bb text_font_size_last_edited=\u00bbon|desktop\u00bb header_2_font_size_tablet=\u00bb40px\u00bb header_2_font_size_phone=\u00bb30px\u00bb header_2_font_size_last_edited=\u00bbon|phone\u00bb]<\/p>\n<p>PERSONAL<\/p>\n<h2>Nuestra Administraci\u00f3n<\/h2>\n<p>[\/et_pb_text][\/et_pb_column][\/et_pb_row][et_pb_row column_structure=\u00bb1_3,1_3,1_3&#8243; _builder_version=\u00bb3.25&#8243; locked=\u00bboff\u00bb][et_pb_column type=\u00bb1_3&#8243; _builder_version=\u00bb3.25&#8243; custom_padding=\u00bb|||\u00bb custom_padding__hover=\u00bb|||\u00bb][et_pb_image src=\u00bbhttps:\/\/vamcoacademy.com\/wp-content\/uploads\/2018\/09\/rosa.jpg\u00bb title_text=\u00bbrosa\u00bb align=\u00bbcenter\u00bb align_tablet=\u00bb\u00bb align_phone=\u00bbcenter\u00bb align_last_edited=\u00bbon|phone\u00bb admin_label=\u00bbImage\u00bb _builder_version=\u00bb4.5.3&#8243;][\/et_pb_image][et_pb_text _builder_version=\u00bb4.5.3&#8243; text_font=\u00bb||||||||\u00bb text_font_size=\u00bb15px\u00bb text_line_height=\u00bb2em\u00bb header_font=\u00bb||||||||\u00bb header_2_font=\u00bb||||||||\u00bb header_3_font=\u00bbEB Garamond||||||||\u00bb header_3_font_size=\u00bb26px\u00bb header_3_line_height=\u00bb1.4em\u00bb header_4_font=\u00bb|700||on|||||\u00bb header_4_text_color=\u00bb#e02b20&#8243; header_4_font_size=\u00bb12px\u00bb header_4_letter_spacing=\u00bb1px\u00bb header_4_line_height=\u00bb2em\u00bb text_orientation=\u00bbcenter\u00bb text_line_height_tablet=\u00bb\u00bb text_line_height_phone=\u00bb1.6em\u00bb text_line_height_last_edited=\u00bbon|phone\u00bb header_3_font_size_phone=\u00bb30px\u00bb header_3_font_size_last_edited=\u00bboff|desktop\u00bb locked=\u00bboff\u00bb]<\/p>\n<h4>Gerente en Rep\u00fablica Dominicana<\/h4>\n<h3>Jenny Rosa de Perez<\/h3>\n<p>[\/et_pb_text][\/et_pb_column][et_pb_column type=\u00bb1_3&#8243; _builder_version=\u00bb3.25&#8243; custom_padding=\u00bb|||\u00bb custom_padding__hover=\u00bb|||\u00bb][et_pb_image src=\u00bbhttps:\/\/vamcoacademy.com\/wp-content\/uploads\/2018\/09\/collado.jpg\u00bb title_text=\u00bbcollado\u00bb align=\u00bbcenter\u00bb align_tablet=\u00bb\u00bb align_phone=\u00bbcenter\u00bb align_last_edited=\u00bbon|phone\u00bb admin_label=\u00bbImage\u00bb _builder_version=\u00bb4.5.3&#8243;][\/et_pb_image][et_pb_text _builder_version=\u00bb4.5.3&#8243; text_font=\u00bb||||||||\u00bb text_font_size=\u00bb15px\u00bb text_line_height=\u00bb2em\u00bb header_font=\u00bb||||||||\u00bb header_2_font=\u00bb||||||||\u00bb header_3_font=\u00bbEB Garamond||||||||\u00bb header_3_font_size=\u00bb26px\u00bb header_3_line_height=\u00bb1.4em\u00bb header_4_font=\u00bb|700||on|||||\u00bb header_4_text_color=\u00bb#e02b20&#8243; header_4_font_size=\u00bb12px\u00bb header_4_letter_spacing=\u00bb1px\u00bb header_4_line_height=\u00bb2em\u00bb text_orientation=\u00bbcenter\u00bb text_line_height_tablet=\u00bb\u00bb text_line_height_phone=\u00bb1.6em\u00bb text_line_height_last_edited=\u00bbon|phone\u00bb header_3_font_size_phone=\u00bb30px\u00bb header_3_font_size_last_edited=\u00bboff|desktop\u00bb locked=\u00bboff\u00bb]<\/p>\n<h4>Gerente General<\/h4>\n<h3>Dr. Washington B. Collado<\/h3>\n<p>[\/et_pb_text][\/et_pb_column][et_pb_column type=\u00bb1_3&#8243; _builder_version=\u00bb3.25&#8243; custom_padding=\u00bb|||\u00bb custom_padding__hover=\u00bb|||\u00bb][et_pb_image src=\u00bbhttps:\/\/vamcoacademy.com\/wp-content\/uploads\/2018\/09\/pena.jpg\u00bb title_text=\u00bbpena\u00bb align=\u00bbcenter\u00bb align_tablet=\u00bb\u00bb align_phone=\u00bbcenter\u00bb align_last_edited=\u00bbon|phone\u00bb admin_label=\u00bbImage\u00bb _builder_version=\u00bb4.5.3&#8243;][\/et_pb_image][et_pb_text _builder_version=\u00bb4.5.3&#8243; text_font=\u00bb||||||||\u00bb text_font_size=\u00bb15px\u00bb text_line_height=\u00bb2em\u00bb header_font=\u00bb||||||||\u00bb header_2_font=\u00bb||||||||\u00bb header_3_font=\u00bbEB Garamond||||||||\u00bb header_3_font_size=\u00bb26px\u00bb header_3_line_height=\u00bb1.4em\u00bb header_4_font=\u00bb|700||on|||||\u00bb header_4_text_color=\u00bb#e02b20&#8243; header_4_font_size=\u00bb12px\u00bb header_4_letter_spacing=\u00bb1px\u00bb header_4_line_height=\u00bb2em\u00bb text_orientation=\u00bbcenter\u00bb text_line_height_tablet=\u00bb\u00bb text_line_height_phone=\u00bb1.6em\u00bb text_line_height_last_edited=\u00bbon|phone\u00bb header_3_font_size_phone=\u00bb30px\u00bb header_3_font_size_last_edited=\u00bboff|desktop\u00bb locked=\u00bboff\u00bb]<\/p>\n<h4>Gerente en Rep\u00fablica Dominicana<\/h4>\n<h3>Anabelle Pe\u00f1a Garc\u00eda<\/h3>\n<p>[\/et_pb_text][\/et_pb_column][\/et_pb_row][\/et_pb_section][et_pb_section fb_built=\u00bb1&#8243; fullwidth=\u00bbon\u00bb admin_label=\u00bbFooter\u00bb _builder_version=\u00bb3.22&#8243; saved_tabs=\u00bball\u00bb][et_pb_fullwidth_header title=\u00bb\u00a1Inscr\u00edbase Hoy!\u00bb text_orientation=\u00bbcenter\u00bb button_one_text=\u00bbVer Cat\u00e1logo de Cursos\u00bb button_two_text=\u00bb\u00a1Inscr\u00edbase Ahora!\u00bb content_max_width_phone=\u00bb580px\u00bb content_max_width_last_edited=\u00bboff|desktop\u00bb _builder_version=\u00bb4.6.0&#8243; title_font=\u00bbEB Garamond||||||||\u00bb title_text_color=\u00bb#004677&#8243; title_font_size=\u00bb50px\u00bb title_line_height=\u00bb1.3em\u00bb content_font=\u00bb||||||||\u00bb content_font_size=\u00bb18px\u00bb content_line_height=\u00bb2em\u00bb background_color=\u00bb#ffffff\u00bb use_background_color_gradient=\u00bbon\u00bb background_color_gradient_start=\u00bb#ffffff\u00bb background_color_gradient_end=\u00bbrgba(255,255,255,0.7)\u00bb background_color_gradient_overlays_image=\u00bbon\u00bb background_image=\u00bbhttps:\/\/vamcoacademy.com\/wp-content\/uploads\/2020\/08\/vamco-slider-scaled.jpg\u00bb background_position=\u00bbbottom_center\u00bb custom_button_one=\u00bbon\u00bb button_one_text_size=\u00bb14px\u00bb button_one_text_color=\u00bb#ffffff\u00bb button_one_bg_color=\u00bb#e02b20&#8243; button_one_border_width=\u00bb10px\u00bb button_one_border_color=\u00bbrgba(0,0,0,0)\u00bb button_one_border_radius=\u00bb5px\u00bb button_one_letter_spacing=\u00bb0px\u00bb button_one_font=\u00bb|700||on|||||\u00bb button_one_custom_padding=\u00bb0px|10px|0px|10px|true|true\u00bb custom_button_two=\u00bbon\u00bb button_two_text_size=\u00bb14px\u00bb button_two_text_color=\u00bb#ffffff\u00bb button_two_bg_color=\u00bb#004677&#8243; button_two_border_width=\u00bb10px\u00bb button_two_border_color=\u00bbrgba(0,0,0,0)\u00bb button_two_border_radius=\u00bb5px\u00bb button_two_letter_spacing=\u00bb0px\u00bb button_two_font=\u00bb|700||on|||||\u00bb button_two_custom_padding=\u00bb0px|10px|0px|10px|true|true\u00bb background_layout=\u00bblight\u00bb custom_padding=\u00bb100px||160px||false\u00bb custom_padding_tablet=\u00bb\u00bb custom_padding_phone=\u00bb20px||20px||true\u00bb custom_padding_last_edited=\u00bbon|phone\u00bb hover_enabled=\u00bb0&#8243; title_font_size_tablet=\u00bb40px\u00bb title_font_size_phone=\u00bb30px\u00bb title_font_size_last_edited=\u00bbon|phone\u00bb content_font_size_tablet=\u00bb\u00bb content_font_size_phone=\u00bb15px\u00bb content_font_size_last_edited=\u00bbon|phone\u00bb button_one_letter_spacing_hover=\u00bb1px\u00bb button_two_letter_spacing_hover=\u00bb1px\u00bb button_one_text_size__hover_enabled=\u00bboff\u00bb button_two_text_size__hover_enabled=\u00bboff\u00bb button_one_text_color__hover_enabled=\u00bboff\u00bb button_two_text_color__hover_enabled=\u00bboff\u00bb button_one_border_width__hover_enabled=\u00bboff\u00bb button_two_border_width__hover_enabled=\u00bboff\u00bb button_one_border_color__hover_enabled=\u00bboff\u00bb button_two_border_color__hover_enabled=\u00bboff\u00bb button_one_border_radius__hover_enabled=\u00bboff\u00bb button_two_border_radius__hover_enabled=\u00bboff\u00bb button_one_letter_spacing__hover_enabled=\u00bboff|hover\u00bb button_one_letter_spacing__hover=\u00bb1px\u00bb button_two_letter_spacing__hover_enabled=\u00bboff|hover\u00bb button_two_letter_spacing__hover=\u00bb0px\u00bb button_one_bg_color__hover_enabled=\u00bboff\u00bb button_two_bg_color__hover_enabled=\u00bboff\u00bb button_one_url=\u00bb\/wp-content\/uploads\/2022\/10\/CatalogoClasesAP_22-23.pdf\u00bb button_two_url=\u00bb@ET-DC@eyJkeW5hbWljIjp0cnVlLCJjb250ZW50IjoicG9zdF9saW5rX3VybF9wYWdlIiwic2V0dGluZ3MiOnsicG9zdF9pZCI6IjI5MCJ9fQ==@\u00bb _dynamic_attributes=\u00bbbutton_two_url\u00bb sticky_enabled=\u00bb0&#8243;]<\/p>\n<p>Soluciones de aprendizaje en l\u00ednea para estudiantes que buscan avanzar en su educaci\u00f3n a trav\u00e9s de una instrucci\u00f3n innovadora. Ofrecemos m\u00e1s de 200 cursos semestrales completos para que los aproveches.<\/p>\n<p>[\/et_pb_fullwidth_header][\/et_pb_section]<\/p>\n","protected":false},"excerpt":{"rendered":"<p>Vamco Academy Comienza con la Educaci\u00f3n Nuestra visi\u00f3n es crear, desarrollar y ayudar a hacer crecer una comunidad de estudiantes exitosos a trav\u00e9s de padres involucrados y m\u00e9todos de ense\u00f1anza s\u00f3lidos, un estudiante a la vez. Establecido en 2009 Promoci\u00f3n de la Participaci\u00f3n de los Padres y la Comunidad Vamco Academy fue fundada por el [&hellip;]<\/p>\n","protected":false},"author":1,"featured_media":0,"parent":0,"menu_order":2,"comment_status":"closed","ping_status":"closed","template":"","meta":{"_et_pb_use_builder":"on","_et_pb_old_content":"","_et_gb_content_width":"","inline_featured_image":false,"footnotes":""},"class_list":["post-245","page","type-page","status-publish","hentry"],"_links":{"self":[{"href":"https:\/\/vamcoacademy.com\/es\/wp-json\/wp\/v2\/pages\/245","targetHints":{"allow":["GET"]}}],"collection":[{"href":"https:\/\/vamcoacademy.com\/es\/wp-json\/wp\/v2\/pages"}],"about":[{"href":"https:\/\/vamcoacademy.com\/es\/wp-json\/wp\/v2\/types\/page"}],"author":[{"embeddable":true,"href":"https:\/\/vamcoacademy.com\/es\/wp-json\/wp\/v2\/users\/1"}],"replies":[{"embeddable":true,"href":"https:\/\/vamcoacademy.com\/es\/wp-json\/wp\/v2\/comments?post=245"}],"version-history":[{"count":27,"href":"https:\/\/vamcoacademy.com\/es\/wp-json\/wp\/v2\/pages\/245\/revisions"}],"predecessor-version":[{"id":1300,"href":"https:\/\/vamcoacademy.com\/es\/wp-json\/wp\/v2\/pages\/245\/revisions\/1300"}],"wp:attachment":[{"href":"https:\/\/vamcoacademy.com\/es\/wp-json\/wp\/v2\/media?parent=245"}],"curies":[{"name":"wp","href":"https:\/\/api.w.org\/{rel}","templated":true}]}}