{"id":228,"date":"2017-10-28T21:17:08","date_gmt":"2017-10-28T21:17:08","guid":{"rendered":"http:\/\/dev.vamcoacademy.com\/inicio\/"},"modified":"2022-10-09T23:20:55","modified_gmt":"2022-10-09T23:20:55","slug":"home","status":"publish","type":"page","link":"https:\/\/vamcoacademy.com\/es\/","title":{"rendered":"Inicio"},"content":{"rendered":"<p>[et_pb_section fb_built=\u00bb1&#8243; custom_padding_last_edited=\u00bbon|desktop\u00bb admin_label=\u00bbHeader\u00bb _builder_version=\u00bb4.5.3&#8243; use_background_color_gradient=\u00bbon\u00bb background_color_gradient_start=\u00bbrgba(255,255,255,0.5)\u00bb background_color_gradient_end=\u00bb#ffffff\u00bb background_color_gradient_overlays_image=\u00bbon\u00bb background_image=\u00bbhttps:\/\/vamcoacademy.com\/wp-content\/uploads\/2020\/08\/vamco-slider-scaled.jpg\u00bb custom_padding=\u00bb110px||||false|false\u00bb custom_padding_tablet=\u00bb140px|0px|50px|0px|false|false\u00bb custom_padding_phone=\u00bb120px|||\u00bb][et_pb_row column_structure=\u00bb1_2,1_2&#8243; _builder_version=\u00bb3.25&#8243; max_width=\u00bb1280px\u00bb use_custom_width=\u00bbon\u00bb custom_width_px=\u00bb1280px\u00bb][et_pb_column type=\u00bb1_2&#8243; _builder_version=\u00bb3.25&#8243; custom_padding=\u00bb|||\u00bb custom_padding__hover=\u00bb|||\u00bb][et_pb_text _builder_version=\u00bb4.5.3&#8243; text_font=\u00bb||||||||\u00bb text_font_size=\u00bb18px\u00bb text_line_height=\u00bb2em\u00bb header_font=\u00bbEB Garamond||||||||\u00bb header_text_color=\u00bb#004677&#8243; header_font_size=\u00bb60px\u00bb header_line_height=\u00bb1.3em\u00bb max_width=\u00bb600px\u00bb text_font_size_tablet=\u00bb\u00bb text_font_size_phone=\u00bb15px\u00bb text_font_size_last_edited=\u00bbon|phone\u00bb text_line_height_tablet=\u00bb\u00bb text_line_height_phone=\u00bb1.6em\u00bb text_line_height_last_edited=\u00bbon|phone\u00bb header_font_size_tablet=\u00bb50px\u00bb header_font_size_phone=\u00bb32px\u00bb header_font_size_last_edited=\u00bbon|phone\u00bb]<\/p>\n<h1>Expanda sus Horizontes Hacia El Mundo a Traves de la Tecnologia<\/h1>\n<p>[\/et_pb_text][\/et_pb_column][et_pb_column type=\u00bb1_2&#8243; _builder_version=\u00bb3.25&#8243; custom_padding=\u00bb|||\u00bb custom_padding__hover=\u00bb|||\u00bb][\/et_pb_column][\/et_pb_row][\/et_pb_section][et_pb_section fb_built=\u00bb1&#8243; admin_label=\u00bbFeatures\u00bb _builder_version=\u00bb3.22&#8243;][et_pb_row column_structure=\u00bb1_3,1_3,1_3&#8243; use_custom_gutter=\u00bbon\u00bb gutter_width=\u00bb2&#8243; _builder_version=\u00bb3.25&#8243; max_width=\u00bb1280px\u00bb use_custom_width=\u00bbon\u00bb custom_width_px=\u00bb1280px\u00bb][et_pb_column type=\u00bb1_3&#8243; _builder_version=\u00bb3.25&#8243; custom_padding=\u00bb|||\u00bb custom_padding__hover=\u00bb|||\u00bb][et_pb_blurb title=\u00bbGana cr\u00e9dito\u00bb image=\u00bbhttps:\/\/vamcoacademy.com\/wp-content\/uploads\/2018\/09\/diploma_vamco.svg\u00bb icon_placement=\u00bbleft\u00bb image_max_width=\u00bb100px\u00bb content_max_width=\u00bb1100px\u00bb image_max_width_tablet=\u00bb\u00bb image_max_width_phone=\u00bb50px\u00bb image_max_width_last_edited=\u00bbon|phone\u00bb _builder_version=\u00bb4.5.3&#8243; header_font=\u00bb|600|||||||\u00bb header_font_size=\u00bb18px\u00bb header_line_height=\u00bb1.6em\u00bb body_font=\u00bb||||||||\u00bb body_font_size=\u00bb15px\u00bb body_line_height=\u00bb2em\u00bb custom_padding=\u00bb|||24px\u00bb custom_padding_tablet=\u00bb\u00bb custom_padding_phone=\u00bb|||4px\u00bb custom_padding_last_edited=\u00bbon|phone\u00bb animation_style=\u00bbfold\u00bb animation_direction=\u00bbleft\u00bb animation_intensity_fold=\u00bb10%\u00bb animation=\u00bboff\u00bb header_font_size_tablet=\u00bb\u00bb header_font_size_phone=\u00bb15px\u00bb header_font_size_last_edited=\u00bbon|phone\u00bb body_line_height_tablet=\u00bb\u00bb body_line_height_phone=\u00bb1.6em\u00bb body_line_height_last_edited=\u00bbon|phone\u00bb border_color_all=\u00bbrgba(0,0,0,0.18)\u00bb border_style_all=\u00bbdotted\u00bb border_width_left=\u00bb2px\u00bb]<\/p>\n<p>Trabaje para obtener cr\u00e9ditos originales con m\u00e1s de 200 opciones de cursos diferentes.<\/p>\n<p>[\/et_pb_blurb][\/et_pb_column][et_pb_column type=\u00bb1_3&#8243; _builder_version=\u00bb3.25&#8243; custom_padding=\u00bb|||\u00bb custom_padding__hover=\u00bb|||\u00bb][et_pb_blurb title=\u00bbAprendizaje en linea\u00bb image=\u00bbhttps:\/\/vamcoacademy.com\/wp-content\/uploads\/2018\/09\/elearning_vamco.svg\u00bb icon_placement=\u00bbleft\u00bb image_max_width=\u00bb100px\u00bb content_max_width=\u00bb1100px\u00bb image_max_width_tablet=\u00bb\u00bb image_max_width_phone=\u00bb50px\u00bb image_max_width_last_edited=\u00bbon|phone\u00bb _builder_version=\u00bb4.5.3&#8243; header_font=\u00bb|600|||||||\u00bb header_font_size=\u00bb18px\u00bb header_line_height=\u00bb1.6em\u00bb body_font=\u00bb||||||||\u00bb body_font_size=\u00bb15px\u00bb body_line_height=\u00bb2em\u00bb custom_padding=\u00bb|||24px\u00bb custom_padding_tablet=\u00bb\u00bb custom_padding_phone=\u00bb|||4px\u00bb custom_padding_last_edited=\u00bbon|phone\u00bb animation_style=\u00bbfold\u00bb animation_direction=\u00bbleft\u00bb animation_intensity_fold=\u00bb10%\u00bb animation=\u00bboff\u00bb header_font_size_tablet=\u00bb\u00bb header_font_size_phone=\u00bb15px\u00bb header_font_size_last_edited=\u00bbon|phone\u00bb body_line_height_tablet=\u00bb\u00bb body_line_height_phone=\u00bb1.6em\u00bb body_line_height_last_edited=\u00bbon|phone\u00bb border_color_all=\u00bbrgba(0,0,0,0.18)\u00bb border_style_all=\u00bbdotted\u00bb border_width_left=\u00bb2px\u00bb locked=\u00bboff\u00bb]<\/p>\n<p>Oportunidades de aprendizaje totalmente en l\u00ednea dirigidas por profesores certificados.<\/p>\n<p>[\/et_pb_blurb][\/et_pb_column][et_pb_column type=\u00bb1_3&#8243; _builder_version=\u00bb3.25&#8243; custom_padding=\u00bb|||\u00bb custom_padding__hover=\u00bb|||\u00bb][et_pb_blurb title=\u00bb10 A\u00f1os de Excelencia\u00bb image=\u00bbhttps:\/\/vamcoacademy.com\/wp-content\/uploads\/2018\/09\/knowledge_vamco.svg\u00bb icon_placement=\u00bbleft\u00bb image_max_width=\u00bb100px\u00bb content_max_width=\u00bb1100px\u00bb image_max_width_tablet=\u00bb\u00bb image_max_width_phone=\u00bb50px\u00bb image_max_width_last_edited=\u00bbon|phone\u00bb _builder_version=\u00bb4.5.3&#8243; header_font=\u00bb|600|||||||\u00bb header_font_size=\u00bb18px\u00bb header_line_height=\u00bb1.6em\u00bb body_font=\u00bb||||||||\u00bb body_font_size=\u00bb15px\u00bb body_line_height=\u00bb2em\u00bb custom_padding=\u00bb|||24px\u00bb custom_padding_tablet=\u00bb\u00bb custom_padding_phone=\u00bb|||4px\u00bb custom_padding_last_edited=\u00bbon|phone\u00bb animation_style=\u00bbfold\u00bb animation_direction=\u00bbleft\u00bb animation_intensity_fold=\u00bb10%\u00bb animation=\u00bboff\u00bb header_font_size_tablet=\u00bb\u00bb header_font_size_phone=\u00bb15px\u00bb header_font_size_last_edited=\u00bbon|phone\u00bb body_line_height_tablet=\u00bb\u00bb body_line_height_phone=\u00bb1.6em\u00bb body_line_height_last_edited=\u00bbon|phone\u00bb border_color_all=\u00bbrgba(0,0,0,0.18)\u00bb border_style_all=\u00bbdotted\u00bb border_width_left=\u00bb2px\u00bb locked=\u00bboff\u00bb]<\/p>\n<p>Hemos estado ayudando a los estudiantes a aprender virtualmente durante m\u00e1s de 10 a\u00f1os.<\/p>\n<p>[\/et_pb_blurb][\/et_pb_column][\/et_pb_row][\/et_pb_section][et_pb_section fb_built=\u00bb1&#8243; admin_label=\u00bbCourses\u00bb _builder_version=\u00bb3.22&#8243; custom_padding=\u00bb54px|0px|90px|0px|false|false\u00bb][et_pb_row _builder_version=\u00bb3.25&#8243;][et_pb_column type=\u00bb4_4&#8243; _builder_version=\u00bb3.25&#8243; custom_padding=\u00bb|||\u00bb custom_padding__hover=\u00bb|||\u00bb][et_pb_text _builder_version=\u00bb4.5.3&#8243; text_font=\u00bbEB Garamond|700|||||||\u00bb text_text_color=\u00bbrgba(0,0,0,0.02)\u00bb text_font_size=\u00bb80px\u00bb text_line_height=\u00bb0em\u00bb header_2_font=\u00bbEB Garamond||||||||\u00bb header_2_text_color=\u00bb#004677&#8243; header_2_font_size=\u00bb50px\u00bb header_2_line_height=\u00bb1.3em\u00bb text_orientation=\u00bbcenter\u00bb text_font_size_tablet=\u00bb50px\u00bb text_font_size_phone=\u00bb30px\u00bb text_font_size_last_edited=\u00bbon|desktop\u00bb header_2_font_size_tablet=\u00bb40px\u00bb header_2_font_size_phone=\u00bb30px\u00bb header_2_font_size_last_edited=\u00bbon|phone\u00bb]<\/p>\n<p>PROGRAMAS<\/p>\n<h2>Nuestros Programas<\/h2>\n<p>[\/et_pb_text][\/et_pb_column][\/et_pb_row][et_pb_row column_structure=\u00bb1_2,1_2&#8243; custom_padding_last_edited=\u00bbon|phone\u00bb _builder_version=\u00bb3.25&#8243; background_color=\u00bb#ffffff\u00bb max_width=\u00bb1280px\u00bb custom_padding=\u00bb60px|40px|60px|40px|true|false\u00bb custom_padding_tablet=\u00bb\u00bb custom_padding_phone=\u00bb|20px||20px||true\u00bb animation_style=\u00bbzoom\u00bb animation_intensity_zoom=\u00bb2%\u00bb border_radii=\u00bbon|12px|12px|12px|12px\u00bb box_shadow_style=\u00bbpreset1&#8243; box_shadow_vertical=\u00bb50px\u00bb box_shadow_blur=\u00bb80px\u00bb box_shadow_color=\u00bbrgba(15,19,25,0.1)\u00bb use_custom_width=\u00bbon\u00bb custom_width_px=\u00bb1280px\u00bb][et_pb_column type=\u00bb1_2&#8243; _builder_version=\u00bb3.25&#8243; custom_padding=\u00bb|||\u00bb custom_padding__hover=\u00bb|||\u00bb][et_pb_image src=\u00bbhttps:\/\/vamcoacademy.com\/wp-content\/uploads\/2020\/08\/k-12.jpg\u00bb title_text=\u00bbk-12&#8243; url=\u00bb@ET-DC@eyJkeW5hbWljIjp0cnVlLCJjb250ZW50IjoicG9zdF9saW5rX3VybF9wYWdlIiwic2V0dGluZ3MiOnsicG9zdF9pZCI6Ijg0MCJ9fQ==@\u00bb align_tablet=\u00bbcenter\u00bb align_phone=\u00bb\u00bb align_last_edited=\u00bbon|desktop\u00bb _builder_version=\u00bb4.6.0&#8243; _dynamic_attributes=\u00bburl\u00bb locked=\u00bboff\u00bb][\/et_pb_image][et_pb_text _builder_version=\u00bb4.5.3&#8243; text_font=\u00bb||||||||\u00bb text_font_size=\u00bb15px\u00bb text_line_height=\u00bb2em\u00bb header_font=\u00bb||||||||\u00bb header_2_font=\u00bb||||||||\u00bb header_3_font=\u00bbEB Garamond||||||||\u00bb header_3_font_size=\u00bb24px\u00bb header_3_line_height=\u00bb1.4em\u00bb header_4_font=\u00bb|700||on|||||\u00bb header_4_text_color=\u00bb#e02b20&#8243; header_4_font_size=\u00bb12px\u00bb header_4_letter_spacing=\u00bb2px\u00bb header_4_line_height=\u00bb2em\u00bb text_line_height_tablet=\u00bb\u00bb text_line_height_phone=\u00bb1.6em\u00bb text_line_height_last_edited=\u00bbon|phone\u00bb locked=\u00bboff\u00bb]<\/p>\n<h3>Programas de Educaci\u00f3n K-12 En Linea<\/h3>\n<h4>18-Semanas\/36-Semanas<\/h4>\n<p>Clases en interacci\u00f3n en vivo, actividades en colaborativas en grupo y constante comunicaci\u00f3n con estudiantes y familias a trav\u00e9s de conferencias v\u00eda Zoom, tel\u00e9fono, correo electr\u00f3nico y mensajes de texto.<\/p>\n<p>[\/et_pb_text][et_pb_button button_url=\u00bb@ET-DC@eyJkeW5hbWljIjp0cnVlLCJjb250ZW50IjoicG9zdF9saW5rX3VybF9wYWdlIiwic2V0dGluZ3MiOnsicG9zdF9pZCI6Ijg0MCJ9fQ==@\u00bb button_text=\u00bbAprende M\u00e1s\u00bb button_alignment=\u00bbright\u00bb _builder_version=\u00bb4.6.0&#8243; _dynamic_attributes=\u00bbbutton_url\u00bb custom_button=\u00bbon\u00bb button_text_size=\u00bb12px\u00bb button_text_color=\u00bb#004677&#8243; button_bg_color=\u00bbrgba(0,70,119,0.15)\u00bb button_border_width=\u00bb10px\u00bb button_border_color=\u00bbrgba(0,0,0,0)\u00bb button_border_radius=\u00bb5px\u00bb button_letter_spacing=\u00bb1px\u00bb button_font=\u00bb|700||on|||||\u00bb custom_padding=\u00bb4px|20px|4px|20px|true|true\u00bb button_letter_spacing_hover=\u00bb1px\u00bb locked=\u00bboff\u00bb button_text_size__hover_enabled=\u00bboff\u00bb button_one_text_size__hover_enabled=\u00bboff\u00bb button_two_text_size__hover_enabled=\u00bboff\u00bb button_text_color__hover_enabled=\u00bboff\u00bb button_one_text_color__hover_enabled=\u00bboff\u00bb button_two_text_color__hover_enabled=\u00bboff\u00bb button_border_width__hover_enabled=\u00bboff\u00bb button_one_border_width__hover_enabled=\u00bboff\u00bb button_two_border_width__hover_enabled=\u00bboff\u00bb button_border_color__hover_enabled=\u00bboff\u00bb button_one_border_color__hover_enabled=\u00bboff\u00bb button_two_border_color__hover_enabled=\u00bboff\u00bb button_border_radius__hover_enabled=\u00bboff\u00bb button_one_border_radius__hover_enabled=\u00bboff\u00bb button_two_border_radius__hover_enabled=\u00bboff\u00bb button_letter_spacing__hover_enabled=\u00bbon\u00bb button_letter_spacing__hover=\u00bb1px\u00bb button_one_letter_spacing__hover_enabled=\u00bboff\u00bb button_two_letter_spacing__hover_enabled=\u00bboff\u00bb button_bg_color__hover_enabled=\u00bboff\u00bb button_one_bg_color__hover_enabled=\u00bboff\u00bb button_two_bg_color__hover_enabled=\u00bboff\u00bb][\/et_pb_button][\/et_pb_column][et_pb_column type=\u00bb1_2&#8243; _builder_version=\u00bb3.25&#8243; custom_padding=\u00bb|||\u00bb custom_padding__hover=\u00bb|||\u00bb][et_pb_image src=\u00bbhttps:\/\/vamcoacademy.com\/wp-content\/uploads\/2020\/08\/ap-classes.jpg\u00bb title_text=\u00bbap-classes\u00bb url=\u00bb@ET-DC@eyJkeW5hbWljIjp0cnVlLCJjb250ZW50IjoicG9zdF9saW5rX3VybF9wYWdlIiwic2V0dGluZ3MiOnsicG9zdF9pZCI6IjgzMSJ9fQ==@\u00bb align_tablet=\u00bbcenter\u00bb align_phone=\u00bb\u00bb align_last_edited=\u00bbon|desktop\u00bb _builder_version=\u00bb4.6.0&#8243; _dynamic_attributes=\u00bburl\u00bb locked=\u00bboff\u00bb][\/et_pb_image][et_pb_text _builder_version=\u00bb4.5.3&#8243; text_font=\u00bb||||||||\u00bb text_font_size=\u00bb15px\u00bb text_line_height=\u00bb2em\u00bb header_font=\u00bb||||||||\u00bb header_2_font=\u00bb||||||||\u00bb header_3_font=\u00bbEB Garamond||||||||\u00bb header_3_font_size=\u00bb24px\u00bb header_3_line_height=\u00bb1.4em\u00bb header_4_font=\u00bb|700||on|||||\u00bb header_4_text_color=\u00bb#e02b20&#8243; header_4_font_size=\u00bb12px\u00bb header_4_letter_spacing=\u00bb2px\u00bb header_4_line_height=\u00bb2em\u00bb text_line_height_tablet=\u00bb\u00bb text_line_height_phone=\u00bb1.6em\u00bb text_line_height_last_edited=\u00bbon|phone\u00bb locked=\u00bboff\u00bb]<\/p>\n<h3>Clases Avanzadas (AP\u00ae) del College Board y Electivas K-12<\/h3>\n<h4>4-SEMANAS\/9-SEMANAS\/18-SEMANAS CLASSES<\/h4>\n<p>Las clases avanzadas les permiten a los alumnos interactuar a un nivel acad\u00e9mico altamente riguroso ensenadas por profesores de alta capacidad y certificados.<\/p>\n<p>[\/et_pb_text][et_pb_button button_url=\u00bb@ET-DC@eyJkeW5hbWljIjp0cnVlLCJjb250ZW50IjoicG9zdF9saW5rX3VybF9wYWdlIiwic2V0dGluZ3MiOnsicG9zdF9pZCI6IjgzMSJ9fQ==@\u00bb button_text=\u00bbAprende M\u00e1s\u00bb button_alignment=\u00bbright\u00bb _builder_version=\u00bb4.6.0&#8243; _dynamic_attributes=\u00bbbutton_url\u00bb custom_button=\u00bbon\u00bb button_text_size=\u00bb12px\u00bb button_text_color=\u00bb#004677&#8243; button_bg_color=\u00bbrgba(0,70,119,0.15)\u00bb button_border_width=\u00bb10px\u00bb button_border_color=\u00bbrgba(0,0,0,0)\u00bb button_border_radius=\u00bb5px\u00bb button_letter_spacing=\u00bb1px\u00bb button_font=\u00bb|700||on|||||\u00bb custom_padding=\u00bb4px|20px|4px|20px|true|true\u00bb hover_enabled=\u00bb0&#8243; button_letter_spacing_hover=\u00bb1px\u00bb locked=\u00bboff\u00bb button_text_size__hover_enabled=\u00bboff\u00bb button_one_text_size__hover_enabled=\u00bboff\u00bb button_two_text_size__hover_enabled=\u00bboff\u00bb button_text_color__hover_enabled=\u00bboff\u00bb button_one_text_color__hover_enabled=\u00bboff\u00bb button_two_text_color__hover_enabled=\u00bboff\u00bb button_border_width__hover_enabled=\u00bboff\u00bb button_one_border_width__hover_enabled=\u00bboff\u00bb button_two_border_width__hover_enabled=\u00bboff\u00bb button_border_color__hover_enabled=\u00bboff\u00bb button_one_border_color__hover_enabled=\u00bboff\u00bb button_two_border_color__hover_enabled=\u00bboff\u00bb button_border_radius__hover_enabled=\u00bboff\u00bb button_one_border_radius__hover_enabled=\u00bboff\u00bb button_two_border_radius__hover_enabled=\u00bboff\u00bb button_letter_spacing__hover_enabled=\u00bbon\u00bb button_letter_spacing__hover=\u00bb1px\u00bb button_one_letter_spacing__hover_enabled=\u00bboff\u00bb button_two_letter_spacing__hover_enabled=\u00bboff\u00bb button_bg_color__hover_enabled=\u00bboff\u00bb button_one_bg_color__hover_enabled=\u00bboff\u00bb button_two_bg_color__hover_enabled=\u00bboff\u00bb sticky_enabled=\u00bb0&#8243;][\/et_pb_button][\/et_pb_column][\/et_pb_row][\/et_pb_section][et_pb_section fb_built=\u00bb1&#8243; admin_label=\u00bbAdmissions\u00bb _builder_version=\u00bb3.22&#8243; custom_padding=\u00bb100px||100px||true|\u00bb locked=\u00bboff\u00bb][et_pb_row column_structure=\u00bb1_2,1_2&#8243; use_custom_gutter=\u00bbon\u00bb gutter_width=\u00bb2&#8243; custom_padding_last_edited=\u00bbon|phone\u00bb disabled_on=\u00bbon|off|off\u00bb _builder_version=\u00bb4.5.3&#8243; max_width=\u00bb1280px\u00bb custom_margin=\u00bb|||\u00bb custom_padding=\u00bb60px|40px|60px|40px|true|\u00bb custom_padding_tablet=\u00bb\u00bb custom_padding_phone=\u00bb\u00bb box_shadow_style=\u00bbpreset3&#8243;][et_pb_column type=\u00bb1_2&#8243; _builder_version=\u00bb3.25&#8243; custom_padding=\u00bb|||\u00bb custom_padding__hover=\u00bb|||\u00bb][et_pb_image src=\u00bbhttps:\/\/vamcoacademy.com\/wp-content\/uploads\/2020\/08\/worldwide-learning.jpg\u00bb title_text=\u00bbworldwide-learning\u00bb align=\u00bbcenter\u00bb align_tablet=\u00bbcenter\u00bb align_phone=\u00bb\u00bb align_last_edited=\u00bbon|desktop\u00bb _builder_version=\u00bb4.5.3&#8243;][\/et_pb_image][\/et_pb_column][et_pb_column type=\u00bb1_2&#8243; _builder_version=\u00bb3.25&#8243; custom_padding=\u00bb|||\u00bb custom_padding__hover=\u00bb|||\u00bb][et_pb_text _builder_version=\u00bb4.5.3&#8243; header_font=\u00bb||||||||\u00bb header_4_font=\u00bbEB Garamond|700|||||||\u00bb header_4_text_align=\u00bbcenter\u00bb header_4_text_color=\u00bb#004677&#8243; header_4_font_size=\u00bb34px\u00bb header_4_line_height=\u00bb1.4em\u00bb header_4_font_size_tablet=\u00bb26px\u00bb header_4_font_size_phone=\u00bb16px\u00bb header_4_font_size_last_edited=\u00bbon|phone\u00bb header_4_letter_spacing_tablet=\u00bb\u00bb header_4_letter_spacing_phone=\u00bb\u00bb header_4_letter_spacing_last_edited=\u00bbon|tablet\u00bb header_4_line_height_tablet=\u00bb\u00bb header_4_line_height_phone=\u00bb\u00bb header_4_line_height_last_edited=\u00bbon|desktop\u00bb]<\/p>\n<h4>Aprende junto a estudiantes de 65 pa\u00edses diferentes en el mundo!<\/h4>\n<p>[\/et_pb_text][et_pb_text _builder_version=\u00bb3.27.4&#8243; text_font=\u00bb||||||||\u00bb text_text_color=\u00bb#565656&#8243; text_font_size=\u00bb16px\u00bb header_font=\u00bb||||||||\u00bb text_orientation=\u00bbjustified\u00bb module_alignment=\u00bbjustified\u00bb custom_padding=\u00bb|15px||15px\u00bb]<strong>Vamco Academy<\/strong> est\u00e1 liderando el camino de la integraci\u00f3n de la Republica Dominicana a trav\u00e9s de la tecnolog\u00eda. Vamco Academy les ofrece <em><strong>diversas opciones de educaci\u00f3n<\/strong><\/em> en l\u00ednea con un programa curricular diverso.<\/p>\n<p>Tome control de su educaci\u00f3n y ampl\u00ede sus oportunidades de crecimiento. Todos los materiales educativos requeridos por los cursos se proporcionan al estudiante sin costo adicional. Todos nuestros cursos son impartidos por profesores dedicados y certificados.<br \/>\n[\/et_pb_text][\/et_pb_column][\/et_pb_row][\/et_pb_section][et_pb_section fb_built=\u00bb1&#8243; _builder_version=\u00bb4.5.3&#8243; _module_preset=\u00bbdefault\u00bb background_color=\u00bb#212121&#8243;][et_pb_row column_structure=\u00bb1_2,1_4,1_4&#8243; _builder_version=\u00bb4.5.3&#8243; _module_preset=\u00bbdefault\u00bb][et_pb_column type=\u00bb1_2&#8243; _builder_version=\u00bb4.5.3&#8243; _module_preset=\u00bbdefault\u00bb][et_pb_image src=\u00bbhttps:\/\/vamcoacademy.com\/wp-content\/uploads\/2020\/08\/footer_logo_80-w.png\u00bb title_text=\u00bbfooter_logo_80-w\u00bb _builder_version=\u00bb4.5.3&#8243; _module_preset=\u00bbdefault\u00bb][\/et_pb_image][\/et_pb_column][et_pb_column type=\u00bb1_4&#8243; _builder_version=\u00bb4.5.3&#8243; _module_preset=\u00bbdefault\u00bb][et_pb_text _builder_version=\u00bb4.5.3&#8243; _module_preset=\u00bbdefault\u00bb link_text_color=\u00bbrgba(255,255,255,0.6)\u00bb header_4_font=\u00bb||||||||\u00bb background_layout=\u00bbdark\u00bb link_text_color__hover_enabled=\u00bbon|hover\u00bb link_text_color__hover=\u00bb#ffffff\u00bb]<\/p>\n<h4>Links<\/h4>\n<p><a href=\"https:\/\/vamcoacademy.com\/es\/programs\/\">Programas<\/a><br \/>\n<a href=\"https:\/\/vamcoacademy.com\/es\/programs\/online-k-12-education\/\">Educaci\u00f3n K-12 En Linea <\/a><br \/>\n<a href=\"https:\/\/vamcoacademy.com\/es\/programs\/elective-advanced-placement-classes\/\">Clases Avanzadas <\/a><br \/>\n<a href=\"https:\/\/vamcoacademy.com\/es\/programs\/elective-advanced-placement-classes\/\">Electivas K-12 <\/a><br \/>\n<a href=\"\/wp-content\/uploads\/2020\/08\/CourseCatalog.pdf\">Cat\u00e1logo de Cursos<\/a>[\/et_pb_text][\/et_pb_column][et_pb_column type=\u00bb1_4&#8243; _builder_version=\u00bb4.5.3&#8243; _module_preset=\u00bbdefault\u00bb][et_pb_text _builder_version=\u00bb4.5.3&#8243; _module_preset=\u00bbdefault\u00bb link_text_color=\u00bbrgba(255,255,255,0.6)\u00bb header_4_font=\u00bb||||||||\u00bb background_layout=\u00bbdark\u00bb link_text_color__hover_enabled=\u00bbon|hover\u00bb link_text_color__hover=\u00bb#ffffff\u00bb]<\/p>\n<h4>Compa\u00f1\u00eda<\/h4>\n<p><a href=\"#\">Acerca de Nosotros<\/a><br \/> <a href=\"#\">Nuestros Afiliados<\/a><br \/> <a href=\"#\">Cont\u00e1ctenos<\/a><\/p>\n<h4>Social<\/h4>\n<p><a href=\"#\">Facebook<\/a><br \/> <a href=\"#\">Twiiter<\/a><br \/> <a href=\"#\">Instagram<\/a>[\/et_pb_text][\/et_pb_column][\/et_pb_row][\/et_pb_section]<\/p>\n","protected":false},"excerpt":{"rendered":"<p>Expanda sus Horizontes Hacia El Mundo a Traves de la TecnologiaTrabaje para obtener cr\u00e9ditos originales con m\u00e1s de 200 opciones de cursos diferentes.Oportunidades de aprendizaje totalmente en l\u00ednea dirigidas por profesores certificados.Hemos estado ayudando a los estudiantes a aprender virtualmente durante m\u00e1s de 10 a\u00f1os.PROGRAMAS Nuestros ProgramasProgramas de Educaci\u00f3n K-12 En Linea 18-Semanas\/36-Semanas Clases en [&hellip;]<\/p>\n","protected":false},"author":1,"featured_media":0,"parent":0,"menu_order":1,"comment_status":"closed","ping_status":"closed","template":"","meta":{"_et_pb_use_builder":"on","_et_pb_old_content":"","_et_gb_content_width":"","inline_featured_image":false,"footnotes":""},"class_list":["post-228","page","type-page","status-publish","hentry"],"_links":{"self":[{"href":"https:\/\/vamcoacademy.com\/es\/wp-json\/wp\/v2\/pages\/228","targetHints":{"allow":["GET"]}}],"collection":[{"href":"https:\/\/vamcoacademy.com\/es\/wp-json\/wp\/v2\/pages"}],"about":[{"href":"https:\/\/vamcoacademy.com\/es\/wp-json\/wp\/v2\/types\/page"}],"author":[{"embeddable":true,"href":"https:\/\/vamcoacademy.com\/es\/wp-json\/wp\/v2\/users\/1"}],"replies":[{"embeddable":true,"href":"https:\/\/vamcoacademy.com\/es\/wp-json\/wp\/v2\/comments?post=228"}],"version-history":[{"count":31,"href":"https:\/\/vamcoacademy.com\/es\/wp-json\/wp\/v2\/pages\/228\/revisions"}],"predecessor-version":[{"id":1299,"href":"https:\/\/vamcoacademy.com\/es\/wp-json\/wp\/v2\/pages\/228\/revisions\/1299"}],"wp:attachment":[{"href":"https:\/\/vamcoacademy.com\/es\/wp-json\/wp\/v2\/media?parent=228"}],"curies":[{"name":"wp","href":"https:\/\/api.w.org\/{rel}","templated":true}]}}